{"id":2490,"date":"2025-12-18T08:57:10","date_gmt":"2025-12-18T07:57:10","guid":{"rendered":"https:\/\/powerhub.at\/?page_id=2490"},"modified":"2025-12-18T09:28:31","modified_gmt":"2025-12-18T08:28:31","slug":"schulung-photovoltaik-und-speicher-aktuelle-entwicklungen-und-trends","status":"publish","type":"page","link":"https:\/\/powerhub.at\/index.php\/schulungen\/schulung-photovoltaik-und-speicher-aktuelle-entwicklungen-und-trends\/","title":{"rendered":"Schulung: Photovoltaik und Speicher &#8211; Aktuelle Entwicklungen und Trends"},"content":{"rendered":"\t\t<div data-elementor-type=\"wp-page\" data-elementor-id=\"2490\" class=\"elementor elementor-2490\" data-elementor-post-type=\"page\">\n\t\t\t\t<div class=\"elementor-element elementor-element-1df1f0f e-flex e-con-boxed e-con e-parent\" data-id=\"1df1f0f\" data-element_type=\"container\" data-settings=\"{&quot;background_background&quot;:&quot;classic&quot;}\">\n\t\t\t\t\t<div class=\"e-con-inner\">\n\t\t<div class=\"elementor-element elementor-element-6c6c899 e-flex e-con-boxed e-con e-child\" data-id=\"6c6c899\" data-element_type=\"container\" data-settings=\"{&quot;background_background&quot;:&quot;classic&quot;}\">\n\t\t\t\t\t<div class=\"e-con-inner\">\n\t\t\t\t\t<\/div>\n\t\t\t\t<\/div>\n\t\t\t\t\t<\/div>\n\t\t\t\t<\/div>\n\t\t<div class=\"elementor-element elementor-element-4693de1 e-flex e-con-boxed e-con e-parent\" data-id=\"4693de1\" data-element_type=\"container\" data-settings=\"{&quot;background_background&quot;:&quot;classic&quot;}\">\n\t\t\t\t\t<div class=\"e-con-inner\">\n\t\t<div class=\"elementor-element elementor-element-2cbf71d e-flex e-con-boxed e-con e-child\" data-id=\"2cbf71d\" data-element_type=\"container\">\n\t\t\t\t\t<div class=\"e-con-inner\">\n\t\t\t\t<div class=\"elementor-element elementor-element-4ccbba1 elementor-widget elementor-widget-heading\" data-id=\"4ccbba1\" data-element_type=\"widget\" data-widget_type=\"heading.default\">\n\t\t\t\t<div class=\"elementor-widget-container\">\n\t\t\t\t\t<h1 class=\"elementor-heading-title elementor-size-default\">Photovoltaik und Speicher \u2013 Aktuelle Entwicklungen und Trends<\/h1>\t\t\t\t<\/div>\n\t\t\t\t<\/div>\n\t\t\t\t<div class=\"elementor-element elementor-element-31cc542 elementor-widget elementor-widget-text-editor\" data-id=\"31cc542\" data-element_type=\"widget\" data-widget_type=\"text-editor.default\">\n\t\t\t\t<div class=\"elementor-widget-container\">\n\t\t\t\t\t\t\t\t\tDie Schulung \u201ePhotovoltaik und Speicher \u2013 Aktuelle Entwicklungen und Trends\u201c gibt einen fundierten \u00dcberblick \u00fcber die aktuellen Entwicklungen im Energiesystem und die derzeitige Marktsituation. Behandelt werden technologische Fortschritte und Trends bei Photovoltaik- und Speicherl\u00f6sungen sowie deren Zusammenspiel mit Elektromobilit\u00e4t. Dar\u00fcber hinaus beleuchtet die Schulung zuk\u00fcnftige Entwicklungen und zeigt auf, welche Rolle PV- und Speichersysteme in einem zunehmend vernetzten und dezentralen Energiesystem spielen werden.\t\t\t\t\t\t\t\t<\/div>\n\t\t\t\t<\/div>\n\t\t\t\t<div class=\"elementor-element elementor-element-515e09d elementor-widget elementor-widget-heading\" data-id=\"515e09d\" data-element_type=\"widget\" data-widget_type=\"heading.default\">\n\t\t\t\t<div class=\"elementor-widget-container\">\n\t\t\t\t\t<h2 class=\"elementor-heading-title elementor-size-default\">Themen:<\/h2>\t\t\t\t<\/div>\n\t\t\t\t<\/div>\n\t\t\t\t<div class=\"elementor-element elementor-element-a420397 elementor-widget elementor-widget-text-editor\" data-id=\"a420397\" data-element_type=\"widget\" data-widget_type=\"text-editor.default\">\n\t\t\t\t<div class=\"elementor-widget-container\">\n\t\t\t\t\t\t\t\t\t<ul><li>Allgemeine Entwicklungen im Energiesystem und aktuelle Marktentwicklungen<\/li><li>Entwicklungen und Trends bei PV- und Speichertechnologien sowie Elektromobilit\u00e4t<\/li><li>Photovoltaik und Speicher &#8211; Aktuelle Entwicklungen und Trends<\/li><li>Allgemeine Blick in die Zukunft<\/li><\/ul>\t\t\t\t\t\t\t\t<\/div>\n\t\t\t\t<\/div>\n\t\t\t\t\t<\/div>\n\t\t\t\t<\/div>\n\t\t\t\t\t<\/div>\n\t\t\t\t<\/div>\n\t\t<div class=\"elementor-element elementor-element-f5279f0 e-flex e-con-boxed e-con e-child\" data-id=\"f5279f0\" data-element_type=\"container\" data-settings=\"{&quot;background_background&quot;:&quot;classic&quot;}\">\n\t\t\t\t\t<div class=\"e-con-inner\">\n\t\t<div class=\"elementor-element elementor-element-537d8f3 e-con-full e-flex e-con e-child\" data-id=\"537d8f3\" data-element_type=\"container\">\n\t\t\t\t<\/div>\n\t\t<div class=\"elementor-element elementor-element-300b512 e-con-full e-flex e-con e-child\" data-id=\"300b512\" data-element_type=\"container\">\n\t\t\t\t<div class=\"elementor-element elementor-element-6792678 elementor-widget elementor-widget-heading\" data-id=\"6792678\" data-element_type=\"widget\" data-widget_type=\"heading.default\">\n\t\t\t\t<div class=\"elementor-widget-container\">\n\t\t\t\t\t<h2 class=\"elementor-heading-title elementor-size-default\">Bleiben Sie Informiert<\/h2>\t\t\t\t<\/div>\n\t\t\t\t<\/div>\n\t\t\t\t<div class=\"elementor-element elementor-element-285b189 elementor-widget elementor-widget-text-editor\" data-id=\"285b189\" data-element_type=\"widget\" data-widget_type=\"text-editor.default\">\n\t\t\t\t<div class=\"elementor-widget-container\">\n\t\t\t\t\t\t\t\t\t<h4>Wir bereiten derzeit die Schulungen vor. Bitte f\u00fcllen Sie das Formular aus, wenn Sie \u00fcber die Verf\u00fcgbarkeit einer Schulung informiert werden m\u00f6chten.<\/h4>\t\t\t\t\t\t\t\t<\/div>\n\t\t\t\t<\/div>\n\t\t\t\t<div class=\"elementor-element elementor-element-cc8f65a elementor-widget elementor-widget-template\" data-id=\"cc8f65a\" data-element_type=\"widget\" data-widget_type=\"template.default\">\n\t\t\t\t<div class=\"elementor-widget-container\">\n\t\t\t\t\t\t\t<div class=\"elementor-template\">\n\t\t\t\t\t<div data-elementor-type=\"container\" data-elementor-id=\"1110\" class=\"elementor elementor-1110\" data-elementor-post-type=\"elementor_library\">\n\t\t\t\t<div class=\"elementor-element elementor-element-204b9cc6 e-flex e-con-boxed e-con e-child\" data-id=\"204b9cc6\" data-element_type=\"container\">\n\t\t\t\t\t<div class=\"e-con-inner\">\n\t\t\t\t<div class=\"elementor-element elementor-element-d768b70 elementor-button-align-stretch elementor-widget elementor-widget-form\" data-id=\"d768b70\" data-element_type=\"widget\" data-settings=\"{&quot;step_next_label&quot;:&quot;N\\u00e4chster&quot;,&quot;step_previous_label&quot;:&quot;Voriger&quot;,&quot;button_width&quot;:&quot;100&quot;,&quot;step_type&quot;:&quot;number_text&quot;,&quot;step_icon_shape&quot;:&quot;circle&quot;}\" data-widget_type=\"form.default\">\n\t\t\t\t<div class=\"elementor-widget-container\">\n\t\t\t\t\t\t\t<form class=\"elementor-form\" method=\"post\" name=\"Neues Formular\" aria-label=\"Neues Formular\">\n\t\t\t<input type=\"hidden\" name=\"post_id\" value=\"1110\"\/>\n\t\t\t<input type=\"hidden\" name=\"form_id\" value=\"d768b70\"\/>\n\t\t\t<input type=\"hidden\" name=\"referer_title\" value=\"\" \/>\n\n\t\t\t\n\t\t\t<div class=\"elementor-form-fields-wrapper elementor-labels-above\">\n\t\t\t\t\t\t\t\t<div class=\"elementor-field-type-text elementor-field-group elementor-column elementor-field-group-name elementor-col-100 elementor-field-required\">\n\t\t\t\t\t\t\t\t\t\t\t\t<label for=\"form-field-name\" class=\"elementor-field-label\">\n\t\t\t\t\t\t\t\tName\t\t\t\t\t\t\t<\/label>\n\t\t\t\t\t\t\t\t\t\t\t\t\t\t<input size=\"1\" type=\"text\" name=\"form_fields[name]\" id=\"form-field-name\" class=\"elementor-field elementor-size-sm  elementor-field-textual\" placeholder=\"Name\" required=\"required\">\n\t\t\t\t\t\t\t\t\t\t\t<\/div>\n\t\t\t\t\t\t\t\t<div class=\"elementor-field-type-email elementor-field-group elementor-column elementor-field-group-email elementor-col-100 elementor-field-required\">\n\t\t\t\t\t\t\t\t\t\t\t\t<label for=\"form-field-email\" class=\"elementor-field-label\">\n\t\t\t\t\t\t\t\tE-Mail Adresse\t\t\t\t\t\t\t<\/label>\n\t\t\t\t\t\t\t\t\t\t\t\t\t\t<input size=\"1\" type=\"email\" name=\"form_fields[email]\" id=\"form-field-email\" class=\"elementor-field elementor-size-sm  elementor-field-textual\" placeholder=\"E-Mail\" required=\"required\">\n\t\t\t\t\t\t\t\t\t\t\t<\/div>\n\t\t\t\t\t\t\t\t<div class=\"elementor-field-type-textarea elementor-field-group elementor-column elementor-field-group-message elementor-col-100\">\n\t\t\t\t\t\t\t\t\t\t\t\t<label for=\"form-field-message\" class=\"elementor-field-label\">\n\t\t\t\t\t\t\t\tNachricht\t\t\t\t\t\t\t<\/label>\n\t\t\t\t\t\t<textarea class=\"elementor-field-textual elementor-field  elementor-size-sm\" name=\"form_fields[message]\" id=\"form-field-message\" rows=\"4\" placeholder=\"Nachricht\"><\/textarea>\t\t\t\t<\/div>\n\t\t\t\t\t\t\t\t<div class=\"elementor-field-type-checkbox elementor-field-group elementor-column elementor-field-group-field_dc1f710 elementor-col-100\">\n\t\t\t\t\t\t\t\t\t\t\t\t<label for=\"form-field-field_dc1f710\" class=\"elementor-field-label\">\n\t\t\t\t\t\t\t\tInteresse\t\t\t\t\t\t\t<\/label>\n\t\t\t\t\t\t<div class=\"elementor-field-subgroup  \"><span class=\"elementor-field-option\"><input type=\"checkbox\" value=\"Teilnahme Schulung Photovoltaik und Speicher\" id=\"form-field-field_dc1f710-0\" name=\"form_fields[field_dc1f710][]\"> <label for=\"form-field-field_dc1f710-0\">Teilnahme Schulung Photovoltaik und Speicher<\/label><\/span><span class=\"elementor-field-option\"><input type=\"checkbox\" value=\"Teilnahme Schulung Flexibilit\u00e4ten\" id=\"form-field-field_dc1f710-1\" name=\"form_fields[field_dc1f710][]\"> <label for=\"form-field-field_dc1f710-1\">Teilnahme Schulung Flexibilit\u00e4ten<\/label><\/span><span class=\"elementor-field-option\"><input type=\"checkbox\" value=\"Teilnahme Schulung Kleinwind\" id=\"form-field-field_dc1f710-2\" name=\"form_fields[field_dc1f710][]\"> <label for=\"form-field-field_dc1f710-2\">Teilnahme Schulung Kleinwind<\/label><\/span><span class=\"elementor-field-option\"><input type=\"checkbox\" value=\"Teilnahme Schulung Bidirektionales Laden\" id=\"form-field-field_dc1f710-3\" name=\"form_fields[field_dc1f710][]\"> <label for=\"form-field-field_dc1f710-3\">Teilnahme Schulung Bidirektionales Laden<\/label><\/span><span class=\"elementor-field-option\"><input type=\"checkbox\" value=\"Eine eigene Schulung anbieten\" id=\"form-field-field_dc1f710-4\" name=\"form_fields[field_dc1f710][]\"> <label for=\"form-field-field_dc1f710-4\">Eine eigene Schulung anbieten<\/label><\/span><\/div>\t\t\t\t<\/div>\n\t\t\t\t\t\t\t\t<div class=\"elementor-field-type-radio elementor-field-group elementor-column elementor-field-group-mailing_list elementor-col-100 elementor-field-required\">\n\t\t\t\t\t\t\t\t\t\t\t\t<label for=\"form-field-mailing_list\" class=\"elementor-field-label\">\n\t\t\t\t\t\t\t\tBitte informieren Sie mich per E-Mail \u00fcber fortlaufende Entwicklungen und Updates\t\t\t\t\t\t\t<\/label>\n\t\t\t\t\t\t<div class=\"elementor-field-subgroup  elementor-subgroup-inline\"><span class=\"elementor-field-option\"><input type=\"radio\" value=\"ja\" id=\"form-field-mailing_list-0\" name=\"form_fields[mailing_list]\" required=\"required\"> <label for=\"form-field-mailing_list-0\">ja<\/label><\/span><span class=\"elementor-field-option\"><input type=\"radio\" value=\"nein\" id=\"form-field-mailing_list-1\" name=\"form_fields[mailing_list]\" required=\"required\"> <label for=\"form-field-mailing_list-1\">nein<\/label><\/span><\/div>\t\t\t\t<\/div>\n\t\t\t\t\t\t\t\t<div class=\"elementor-field-type-acceptance elementor-field-group elementor-column elementor-field-group-akzeptieren elementor-col-100 elementor-field-required\">\n\t\t\t\t\t\t\t<div class=\"elementor-field-subgroup\">\n\t\t\t<span class=\"elementor-field-option\">\n\t\t\t\t<input type=\"checkbox\" name=\"form_fields[akzeptieren]\" id=\"form-field-akzeptieren\" class=\"elementor-field elementor-size-sm  elementor-acceptance-field\" required=\"required\">\n\t\t\t\t<label for=\"form-field-akzeptieren\">Durch Ankreuzen des Kontrollk\u00e4stchens best\u00e4tigen Sie vor dem Absenden des Kontaktformulars Ihre Zustimmung zu unseren Datenschutzbestimmungen, welche Sie unter <a href=\"https:\/\/powerhub.at\/index.php\/datenschutz\/\">diesem Link<\/a> einsehen k\u00f6nnen.<\/label>\t\t\t<\/span>\n\t\t<\/div>\n\t\t\t\t\t\t<\/div>\n\t\t\t\t\t\t\t\t<div class=\"elementor-field-type-hidden elementor-field-group elementor-column elementor-field-group-field_page_title elementor-col-100\">\n\t\t\t\t\t\t\t\t\t\t\t\t\t<input size=\"1\" type=\"hidden\" name=\"form_fields[field_page_title]\" id=\"form-field-field_page_title\" class=\"elementor-field elementor-size-sm  elementor-field-textual\">\n\t\t\t\t\t\t\t\t\t\t\t<\/div>\n\t\t\t\t\t\t\t\t<div class=\"elementor-field-type-hcaptcha elementor-field-group elementor-column elementor-field-group-field_923756b elementor-col-100\">\n\t\t\t\t\t<div class=\"elementor-field\" id=\"form-field-field_923756b\"><div class=\"elementor-hcaptcha\">\t\t<input\n\t\t\t\ttype=\"hidden\"\n\t\t\t\tclass=\"hcaptcha-widget-id\"\n\t\t\t\tname=\"hcaptcha-widget-id\"\n\t\t\t\tvalue=\"eyJzb3VyY2UiOlsiZWxlbWVudG9yLXByb1wvZWxlbWVudG9yLXByby5waHAiXSwiZm9ybV9pZCI6MH0=-93b9c9724a718a36c8d0abf698c2fe9c\">\n\t\t\t\t<h-captcha\n\t\t\tclass=\"h-captcha\"\n\t\t\tdata-sitekey=\"30d89bf4-c610-4084-bd44-e2e20310ad04\"\n\t\t\tdata-theme=\"light\"\n\t\t\tdata-size=\"normal\"\n\t\t\tdata-auto=\"false\"\n\t\t\tdata-ajax=\"false\"\n\t\t\tdata-force=\"false\">\n\t\t<\/h-captcha>\n\t\t<\/div><\/div>\t\t\t\t<\/div>\n\t\t\t\t\t\t\t\t<div class=\"elementor-field-group elementor-column elementor-field-type-submit elementor-col-100 e-form__buttons\">\n\t\t\t\t\t<button class=\"elementor-button elementor-size-sm\" type=\"submit\">\n\t\t\t\t\t\t<span class=\"elementor-button-content-wrapper\">\n\t\t\t\t\t\t\t\t\t\t\t\t\t\t\t\t\t\t\t\t\t\t<span class=\"elementor-button-text\">Senden<\/span>\n\t\t\t\t\t\t\t\t\t\t\t\t\t<\/span>\n\t\t\t\t\t<\/button>\n\t\t\t\t<\/div>\n\t\t\t<\/div>\n\t\t<\/form>\n\t\t\t\t\t\t<\/div>\n\t\t\t\t<\/div>\n\t\t\t\t\t<\/div>\n\t\t\t\t<\/div>\n\t\t\t\t<\/div>\n\t\t\t\t<\/div>\n\t\t\t\t\t\t<\/div>\n\t\t\t\t<\/div>\n\t\t\t\t<\/div>\n\t\t<div class=\"elementor-element elementor-element-5374ad6 e-con-full e-flex e-con e-child\" data-id=\"5374ad6\" data-element_type=\"container\">\n\t\t\t\t<\/div>\n\t\t\t\t\t<\/div>\n\t\t\t\t<\/div>\n\t\t\t\t<\/div>\n\t\t","protected":false},"excerpt":{"rendered":"<p>Photovoltaik und Speicher \u2013 Aktuelle Entwicklungen und Trends Die Schulung \u201ePhotovoltaik und Speicher \u2013 Aktuelle Entwicklungen und Trends\u201c gibt einen fundierten \u00dcberblick \u00fcber die aktuellen Entwicklungen im Energiesystem und die derzeitige Marktsituation. Behandelt werden technologische Fortschritte und Trends bei Photovoltaik- und Speicherl\u00f6sungen sowie deren Zusammenspiel mit Elektromobilit\u00e4t. Dar\u00fcber hinaus beleuchtet die Schulung zuk\u00fcnftige Entwicklungen und [&hellip;]<\/p>\n","protected":false},"author":1,"featured_media":2524,"parent":1094,"menu_order":18,"comment_status":"closed","ping_status":"closed","template":"elementor_header_footer","meta":{"site-sidebar-layout":"no-sidebar","site-content-layout":"","ast-site-content-layout":"full-width-container","site-content-style":"default","site-sidebar-style":"default","ast-global-header-display":"","ast-banner-title-visibility":"","ast-main-header-display":"","ast-hfb-above-header-display":"","ast-hfb-below-header-display":"","ast-hfb-mobile-header-display":"","site-post-title":"disabled","ast-breadcrumbs-content":"","ast-featured-img":"disabled","footer-sml-layout":"","ast-disable-related-posts":"","theme-transparent-header-meta":"","adv-header-id-meta":"","stick-header-meta":"","header-above-stick-meta":"","header-main-stick-meta":"","header-below-stick-meta":"","astra-migrate-meta-layouts":"default","ast-page-background-enabled":"default","ast-page-background-meta":{"desktop":{"background-color":"var(--ast-global-color-4)","background-image":"","background-repeat":"repeat","background-position":"center center","background-size":"auto","background-attachment":"scroll","background-type":"","background-media":"","overlay-type":"","overlay-color":"","overlay-opacity":"","overlay-gradient":""},"tablet":{"background-color":"","background-image":"","background-repeat":"repeat","background-position":"center center","background-size":"auto","background-attachment":"scroll","background-type":"","background-media":"","overlay-type":"","overlay-color":"","overlay-opacity":"","overlay-gradient":""},"mobile":{"background-color":"","background-image":"","background-repeat":"repeat","background-position":"center center","background-size":"auto","background-attachment":"scroll","background-type":"","background-media":"","overlay-type":"","overlay-color":"","overlay-opacity":"","overlay-gradient":""}},"ast-content-background-meta":{"desktop":{"background-color":"var(--ast-global-color-5)","background-image":"","background-repeat":"repeat","background-position":"center center","background-size":"auto","background-attachment":"scroll","background-type":"","background-media":"","overlay-type":"","overlay-color":"","overlay-opacity":"","overlay-gradient":""},"tablet":{"background-color":"var(--ast-global-color-5)","background-image":"","background-repeat":"repeat","background-position":"center center","background-size":"auto","background-attachment":"scroll","background-type":"","background-media":"","overlay-type":"","overlay-color":"","overlay-opacity":"","overlay-gradient":""},"mobile":{"background-color":"var(--ast-global-color-5)","background-image":"","background-repeat":"repeat","background-position":"center center","background-size":"auto","background-attachment":"scroll","background-type":"","background-media":"","overlay-type":"","overlay-color":"","overlay-opacity":"","overlay-gradient":""}},"footnotes":""},"class_list":["post-2490","page","type-page","status-publish","has-post-thumbnail","hentry"],"_links":{"self":[{"href":"https:\/\/powerhub.at\/index.php\/wp-json\/wp\/v2\/pages\/2490","targetHints":{"allow":["GET"]}}],"collection":[{"href":"https:\/\/powerhub.at\/index.php\/wp-json\/wp\/v2\/pages"}],"about":[{"href":"https:\/\/powerhub.at\/index.php\/wp-json\/wp\/v2\/types\/page"}],"author":[{"embeddable":true,"href":"https:\/\/powerhub.at\/index.php\/wp-json\/wp\/v2\/users\/1"}],"replies":[{"embeddable":true,"href":"https:\/\/powerhub.at\/index.php\/wp-json\/wp\/v2\/comments?post=2490"}],"version-history":[{"count":10,"href":"https:\/\/powerhub.at\/index.php\/wp-json\/wp\/v2\/pages\/2490\/revisions"}],"predecessor-version":[{"id":2536,"href":"https:\/\/powerhub.at\/index.php\/wp-json\/wp\/v2\/pages\/2490\/revisions\/2536"}],"up":[{"embeddable":true,"href":"https:\/\/powerhub.at\/index.php\/wp-json\/wp\/v2\/pages\/1094"}],"wp:featuredmedia":[{"embeddable":true,"href":"https:\/\/powerhub.at\/index.php\/wp-json\/wp\/v2\/media\/2524"}],"wp:attachment":[{"href":"https:\/\/powerhub.at\/index.php\/wp-json\/wp\/v2\/media?parent=2490"}],"curies":[{"name":"wp","href":"https:\/\/api.w.org\/{rel}","templated":true}]}}