{"id":2239,"date":"2025-09-09T09:30:32","date_gmt":"2025-09-09T08:30:32","guid":{"rendered":"https:\/\/powerhub.at\/?page_id=2239"},"modified":"2025-09-09T09:49:58","modified_gmt":"2025-09-09T08:49:58","slug":"powerhub-events","status":"publish","type":"page","link":"https:\/\/powerhub.at\/index.php\/powerhub-events\/","title":{"rendered":"PowerHUB Events"},"content":{"rendered":"\t\t<div data-elementor-type=\"wp-page\" data-elementor-id=\"2239\" class=\"elementor elementor-2239\" data-elementor-post-type=\"page\">\n\t\t\t\t<div class=\"elementor-element elementor-element-60a89ba0 e-flex e-con-boxed e-con e-parent\" data-id=\"60a89ba0\" data-element_type=\"container\" data-settings=\"{&quot;background_background&quot;:&quot;classic&quot;}\">\n\t\t\t\t\t<div class=\"e-con-inner\">\n\t\t<div class=\"elementor-element elementor-element-a589958 e-con-full e-flex e-con e-child\" data-id=\"a589958\" data-element_type=\"container\">\n\t\t\t\t<div class=\"elementor-element elementor-element-b8cbd42 elementor-widget elementor-widget-heading\" data-id=\"b8cbd42\" data-element_type=\"widget\" data-widget_type=\"heading.default\">\n\t\t\t\t<div class=\"elementor-widget-container\">\n\t\t\t\t\t<h1 class=\"elementor-heading-title elementor-size-default\">powerHUB Events<\/h1>\t\t\t\t<\/div>\n\t\t\t\t<\/div>\n\t\t\t\t<\/div>\n\t\t<div class=\"elementor-element elementor-element-2d0c0690 e-con-full e-flex e-con e-child\" data-id=\"2d0c0690\" data-element_type=\"container\" data-settings=\"{&quot;background_background&quot;:&quot;classic&quot;}\">\n\t\t\t\t<div class=\"elementor-element elementor-element-1022dcd2 elementor-grid-1 elementor-posts--thumbnail-left elementor-grid-tablet-2 elementor-grid-mobile-1 elementor-widget elementor-widget-posts\" data-id=\"1022dcd2\" data-element_type=\"widget\" data-settings=\"{&quot;classic_columns&quot;:&quot;1&quot;,&quot;classic_row_gap&quot;:{&quot;unit&quot;:&quot;px&quot;,&quot;size&quot;:27,&quot;sizes&quot;:[]},&quot;classic_columns_tablet&quot;:&quot;2&quot;,&quot;classic_columns_mobile&quot;:&quot;1&quot;,&quot;classic_row_gap_tablet&quot;:{&quot;unit&quot;:&quot;px&quot;,&quot;size&quot;:&quot;&quot;,&quot;sizes&quot;:[]},&quot;classic_row_gap_mobile&quot;:{&quot;unit&quot;:&quot;px&quot;,&quot;size&quot;:&quot;&quot;,&quot;sizes&quot;:[]}}\" data-widget_type=\"posts.classic\">\n\t\t\t\t<div class=\"elementor-widget-container\">\n\t\t\t\t\t\t\t<div class=\"elementor-posts-container elementor-posts elementor-posts--skin-classic elementor-grid\" role=\"list\">\n\t\t\t\t<article class=\"elementor-post elementor-grid-item post-2582 post type-post status-publish format-standard has-post-thumbnail hentry category-egent category-event category-forschungsprojekte category-v2g-network\" role=\"listitem\">\n\t\t\t\t<a class=\"elementor-post__thumbnail__link\" href=\"https:\/\/powerhub.at\/index.php\/2026\/04\/15\/hersteller-bidirektionaler-ladestationen-zu-gast-am-bauhof-neulengbach\/\" tabindex=\"-1\" >\n\t\t\t<div class=\"elementor-post__thumbnail\"><img fetchpriority=\"high\" decoding=\"async\" width=\"1024\" height=\"417\" src=\"https:\/\/powerhub.at\/wp-content\/uploads\/2026\/04\/Screenshot-2026-04-15-073052-1024x417.png\" class=\"attachment-large size-large wp-image-2586\" alt=\"\" srcset=\"https:\/\/powerhub.at\/wp-content\/uploads\/2026\/04\/Screenshot-2026-04-15-073052-1024x417.png 1024w, https:\/\/powerhub.at\/wp-content\/uploads\/2026\/04\/Screenshot-2026-04-15-073052-300x122.png 300w, https:\/\/powerhub.at\/wp-content\/uploads\/2026\/04\/Screenshot-2026-04-15-073052-768x313.png 768w, https:\/\/powerhub.at\/wp-content\/uploads\/2026\/04\/Screenshot-2026-04-15-073052.png 1072w\" sizes=\"(max-width: 1024px) 100vw, 1024px\" \/><\/div>\n\t\t<\/a>\n\t\t\t\t<div class=\"elementor-post__text\">\n\t\t\t\t<h3 class=\"elementor-post__title\">\n\t\t\t<a href=\"https:\/\/powerhub.at\/index.php\/2026\/04\/15\/hersteller-bidirektionaler-ladestationen-zu-gast-am-bauhof-neulengbach\/\" >\n\t\t\t\tHersteller bidirektionaler Ladestationen zu Gast am Bauhof Neulengbach\t\t\t<\/a>\n\t\t<\/h3>\n\t\t\t\t<div class=\"elementor-post__meta-data\">\n\t\t\t\t\t<span class=\"elementor-post-date\">\n\t\t\t15\/04\/2026\t\t<\/span>\n\t\t\t\t<\/div>\n\t\t\t\t<div class=\"elementor-post__excerpt\">\n\t\t\t<p>Wo? Bauhof Neulengbach<br \/>\nWann? 23.\u00a0April 2026 ab 16:00 Uhr<\/p>\n\t\t<\/div>\n\t\t\n\t\t<a class=\"elementor-post__read-more\" href=\"https:\/\/powerhub.at\/index.php\/2026\/04\/15\/hersteller-bidirektionaler-ladestationen-zu-gast-am-bauhof-neulengbach\/\" aria-label=\"Mehr \u00fcber Hersteller bidirektionaler Ladestationen zu Gast am Bauhof Neulengbach\" tabindex=\"-1\" >\n\t\t\tmehr erfahren\t\t<\/a>\n\n\t\t\t\t<\/div>\n\t\t\t\t<\/article>\n\t\t\t\t<article class=\"elementor-post elementor-grid-item post-2405 post type-post status-publish format-standard has-post-thumbnail hentry category-egent category-event category-forschungsprojekte category-beitrag\" role=\"listitem\">\n\t\t\t\t<a class=\"elementor-post__thumbnail__link\" href=\"https:\/\/powerhub.at\/index.php\/2025\/12\/03\/infoabend-kleinwindkraft\/\" tabindex=\"-1\" >\n\t\t\t<div class=\"elementor-post__thumbnail\"><img decoding=\"async\" width=\"724\" height=\"1024\" src=\"https:\/\/powerhub.at\/wp-content\/uploads\/2025\/12\/WhatsApp-Bild-2025-11-06-um-15.15.21_c83c5c5f-724x1024.jpg\" class=\"attachment-large size-large wp-image-2407\" alt=\"\" srcset=\"https:\/\/powerhub.at\/wp-content\/uploads\/2025\/12\/WhatsApp-Bild-2025-11-06-um-15.15.21_c83c5c5f-724x1024.jpg 724w, https:\/\/powerhub.at\/wp-content\/uploads\/2025\/12\/WhatsApp-Bild-2025-11-06-um-15.15.21_c83c5c5f-212x300.jpg 212w, https:\/\/powerhub.at\/wp-content\/uploads\/2025\/12\/WhatsApp-Bild-2025-11-06-um-15.15.21_c83c5c5f-768x1086.jpg 768w, https:\/\/powerhub.at\/wp-content\/uploads\/2025\/12\/WhatsApp-Bild-2025-11-06-um-15.15.21_c83c5c5f-1086x1536.jpg 1086w, https:\/\/powerhub.at\/wp-content\/uploads\/2025\/12\/WhatsApp-Bild-2025-11-06-um-15.15.21_c83c5c5f.jpg 1131w\" sizes=\"(max-width: 724px) 100vw, 724px\" \/><\/div>\n\t\t<\/a>\n\t\t\t\t<div class=\"elementor-post__text\">\n\t\t\t\t<h3 class=\"elementor-post__title\">\n\t\t\t<a href=\"https:\/\/powerhub.at\/index.php\/2025\/12\/03\/infoabend-kleinwindkraft\/\" >\n\t\t\t\tInfoabend Kleinwindkraft\t\t\t<\/a>\n\t\t<\/h3>\n\t\t\t\t<div class=\"elementor-post__meta-data\">\n\t\t\t\t\t<span class=\"elementor-post-date\">\n\t\t\t03\/12\/2025\t\t<\/span>\n\t\t\t\t<\/div>\n\t\t\t\t<div class=\"elementor-post__excerpt\">\n\t\t\t<p>Wo? Bauernschenke Troadkastn, Oberhofen<br \/>\nWann? 04.\u00a0Dezember\u00a02025\u00a0um\u00a019.00 Uhr<\/p>\n\t\t<\/div>\n\t\t\n\t\t<a class=\"elementor-post__read-more\" href=\"https:\/\/powerhub.at\/index.php\/2025\/12\/03\/infoabend-kleinwindkraft\/\" aria-label=\"Mehr \u00fcber Infoabend Kleinwindkraft\" tabindex=\"-1\" >\n\t\t\tmehr erfahren\t\t<\/a>\n\n\t\t\t\t<\/div>\n\t\t\t\t<\/article>\n\t\t\t\t<article class=\"elementor-post elementor-grid-item post-2383 post type-post status-publish format-standard has-post-thumbnail hentry category-egent category-event category-forschungsprojekte category-beitrag\" role=\"listitem\">\n\t\t\t\t<a class=\"elementor-post__thumbnail__link\" href=\"https:\/\/powerhub.at\/index.php\/2025\/11\/18\/workshop-batteriespeicher-die-zukunft-der-energiegemeinschaften-eeg-gemeinschaftenergie\/\" tabindex=\"-1\" >\n\t\t\t<div class=\"elementor-post__thumbnail\"><img decoding=\"async\" width=\"274\" height=\"130\" src=\"https:\/\/powerhub.at\/wp-content\/uploads\/2025\/11\/Bildschirmfoto-2025-11-18-um-10.18.16.png\" class=\"attachment-large size-large wp-image-2400\" alt=\"\" \/><\/div>\n\t\t<\/a>\n\t\t\t\t<div class=\"elementor-post__text\">\n\t\t\t\t<h3 class=\"elementor-post__title\">\n\t\t\t<a href=\"https:\/\/powerhub.at\/index.php\/2025\/11\/18\/workshop-batteriespeicher-die-zukunft-der-energiegemeinschaften-eeg-gemeinschaftenergie\/\" >\n\t\t\t\tWorkshop &#8222;Batteriespeicher \u2013 Die Zukunft der Energiegemeinschaften&#8220; &#8211; EEG Gemeinschaftenergie\t\t\t<\/a>\n\t\t<\/h3>\n\t\t\t\t<div class=\"elementor-post__meta-data\">\n\t\t\t\t\t<span class=\"elementor-post-date\">\n\t\t\t18\/11\/2025\t\t<\/span>\n\t\t\t\t<\/div>\n\t\t\t\t<div class=\"elementor-post__excerpt\">\n\t\t\t<p>Wo? Rathaussaal Eggenburg<br \/>\nWann? 03.\u00a0Dezember\u00a02025\u00a0um\u00a019.00 Uhr<\/p>\n\t\t<\/div>\n\t\t\n\t\t<a class=\"elementor-post__read-more\" href=\"https:\/\/powerhub.at\/index.php\/2025\/11\/18\/workshop-batteriespeicher-die-zukunft-der-energiegemeinschaften-eeg-gemeinschaftenergie\/\" aria-label=\"Mehr \u00fcber Workshop &#8222;Batteriespeicher \u2013 Die Zukunft der Energiegemeinschaften&#8220; &#8211; EEG Gemeinschaftenergie\" tabindex=\"-1\" >\n\t\t\tmehr erfahren\t\t<\/a>\n\n\t\t\t\t<\/div>\n\t\t\t\t<\/article>\n\t\t\t\t<article class=\"elementor-post elementor-grid-item post-2338 post type-post status-publish format-standard has-post-thumbnail hentry category-event category-forschungsprojekte category-storebility2market-forschungsprojekte category-beitrag\" role=\"listitem\">\n\t\t\t\t<a class=\"elementor-post__thumbnail__link\" href=\"https:\/\/powerhub.at\/index.php\/2025\/10\/03\/mobilitaets-praxistag-in-ravelsbach-die-mobilitaetszukunft-hautnah-erleben\/\" tabindex=\"-1\" >\n\t\t\t<div class=\"elementor-post__thumbnail\"><img loading=\"lazy\" decoding=\"async\" width=\"605\" height=\"433\" src=\"https:\/\/powerhub.at\/wp-content\/uploads\/2025\/10\/Ravelsbach.png\" class=\"attachment-large size-large wp-image-2340\" alt=\"\" srcset=\"https:\/\/powerhub.at\/wp-content\/uploads\/2025\/10\/Ravelsbach.png 605w, https:\/\/powerhub.at\/wp-content\/uploads\/2025\/10\/Ravelsbach-300x215.png 300w\" sizes=\"(max-width: 605px) 100vw, 605px\" \/><\/div>\n\t\t<\/a>\n\t\t\t\t<div class=\"elementor-post__text\">\n\t\t\t\t<h3 class=\"elementor-post__title\">\n\t\t\t<a href=\"https:\/\/powerhub.at\/index.php\/2025\/10\/03\/mobilitaets-praxistag-in-ravelsbach-die-mobilitaetszukunft-hautnah-erleben\/\" >\n\t\t\t\tMobilit\u00e4ts-Praxistag in Ravelsbach: die Mobilit\u00e4tszukunft hautnah erleben!\t\t\t<\/a>\n\t\t<\/h3>\n\t\t\t\t<div class=\"elementor-post__meta-data\">\n\t\t\t\t\t<span class=\"elementor-post-date\">\n\t\t\t03\/10\/2025\t\t<\/span>\n\t\t\t\t<\/div>\n\t\t\t\t<div class=\"elementor-post__excerpt\">\n\t\t\t<p>Wo? Hauptplatz Ravelsbach<\/p>\n<p>Wann? 09. Oktober 2025 ab 16:00<\/p>\n\t\t<\/div>\n\t\t\n\t\t<a class=\"elementor-post__read-more\" href=\"https:\/\/powerhub.at\/index.php\/2025\/10\/03\/mobilitaets-praxistag-in-ravelsbach-die-mobilitaetszukunft-hautnah-erleben\/\" aria-label=\"Mehr \u00fcber Mobilit\u00e4ts-Praxistag in Ravelsbach: die Mobilit\u00e4tszukunft hautnah erleben!\" tabindex=\"-1\" >\n\t\t\tmehr erfahren\t\t<\/a>\n\n\t\t\t\t<\/div>\n\t\t\t\t<\/article>\n\t\t\t\t<article class=\"elementor-post elementor-grid-item post-2326 post type-post status-publish format-standard has-post-thumbnail hentry category-egent category-event category-forschungsprojekte category-beitrag\" role=\"listitem\">\n\t\t\t\t<a class=\"elementor-post__thumbnail__link\" href=\"https:\/\/powerhub.at\/index.php\/2025\/09\/24\/workshop-stromspeicher-in-energiegemeinschaften-eeg-bad-kreuzeb\/\" tabindex=\"-1\" >\n\t\t\t<div class=\"elementor-post__thumbnail\"><img loading=\"lazy\" decoding=\"async\" width=\"1024\" height=\"658\" src=\"https:\/\/powerhub.at\/wp-content\/uploads\/2025\/07\/Unbenannt-1024x658.png\" class=\"attachment-large size-large wp-image-2217\" alt=\"\" srcset=\"https:\/\/powerhub.at\/wp-content\/uploads\/2025\/07\/Unbenannt-1024x658.png 1024w, https:\/\/powerhub.at\/wp-content\/uploads\/2025\/07\/Unbenannt-300x193.png 300w, https:\/\/powerhub.at\/wp-content\/uploads\/2025\/07\/Unbenannt-768x494.png 768w, https:\/\/powerhub.at\/wp-content\/uploads\/2025\/07\/Unbenannt.png 1192w\" sizes=\"(max-width: 1024px) 100vw, 1024px\" \/><\/div>\n\t\t<\/a>\n\t\t\t\t<div class=\"elementor-post__text\">\n\t\t\t\t<h3 class=\"elementor-post__title\">\n\t\t\t<a href=\"https:\/\/powerhub.at\/index.php\/2025\/09\/24\/workshop-stromspeicher-in-energiegemeinschaften-eeg-bad-kreuzeb\/\" >\n\t\t\t\tWorkshop &#8222;Stromspeicher in Energiegemeinschaften&#8220; &#8211; EEG Bad Kreuzen\t\t\t<\/a>\n\t\t<\/h3>\n\t\t\t\t<div class=\"elementor-post__meta-data\">\n\t\t\t\t\t<span class=\"elementor-post-date\">\n\t\t\t24\/09\/2025\t\t<\/span>\n\t\t\t\t<\/div>\n\t\t\t\t<div class=\"elementor-post__excerpt\">\n\t\t\t<p>Datum &#038; Uhrzeit: Dienstag, 07. Oktober 2025, 19.30 Uhr<\/p>\n<p> Ort: Gasthaus Aumu\u0308hle, Panholz 17, 4360 Grein<\/p>\n\t\t<\/div>\n\t\t\n\t\t<a class=\"elementor-post__read-more\" href=\"https:\/\/powerhub.at\/index.php\/2025\/09\/24\/workshop-stromspeicher-in-energiegemeinschaften-eeg-bad-kreuzeb\/\" aria-label=\"Mehr \u00fcber Workshop &#8222;Stromspeicher in Energiegemeinschaften&#8220; &#8211; EEG Bad Kreuzen\" tabindex=\"-1\" >\n\t\t\tmehr erfahren\t\t<\/a>\n\n\t\t\t\t<\/div>\n\t\t\t\t<\/article>\n\t\t\t\t<article class=\"elementor-post elementor-grid-item post-2301 post type-post status-publish format-standard has-post-thumbnail hentry category-event category-forschungsprojekte category-storebility2market-forschungsprojekte category-beitrag\" role=\"listitem\">\n\t\t\t\t<a class=\"elementor-post__thumbnail__link\" href=\"https:\/\/powerhub.at\/index.php\/2025\/09\/16\/dein-auto-als-stromspeicher\/\" tabindex=\"-1\" >\n\t\t\t<div class=\"elementor-post__thumbnail\"><img loading=\"lazy\" decoding=\"async\" width=\"625\" height=\"845\" src=\"https:\/\/powerhub.at\/wp-content\/uploads\/2025\/09\/Bildschirmfoto-2025-09-16-um-07.27.15.png\" class=\"attachment-large size-large wp-image-2305\" alt=\"\" srcset=\"https:\/\/powerhub.at\/wp-content\/uploads\/2025\/09\/Bildschirmfoto-2025-09-16-um-07.27.15.png 625w, https:\/\/powerhub.at\/wp-content\/uploads\/2025\/09\/Bildschirmfoto-2025-09-16-um-07.27.15-222x300.png 222w\" sizes=\"(max-width: 625px) 100vw, 625px\" \/><\/div>\n\t\t<\/a>\n\t\t\t\t<div class=\"elementor-post__text\">\n\t\t\t\t<h3 class=\"elementor-post__title\">\n\t\t\t<a href=\"https:\/\/powerhub.at\/index.php\/2025\/09\/16\/dein-auto-als-stromspeicher\/\" >\n\t\t\t\tDein Auto als Stromspeicher\t\t\t<\/a>\n\t\t<\/h3>\n\t\t\t\t<div class=\"elementor-post__meta-data\">\n\t\t\t\t\t<span class=\"elementor-post-date\">\n\t\t\t16\/09\/2025\t\t<\/span>\n\t\t\t\t<\/div>\n\t\t\t\t<div class=\"elementor-post__excerpt\">\n\t\t\t<p>Wann? Donnerstag, 16. Oktober 2025, 19 Uhr<\/p>\n<p>Wo? Gasthaus Enichlmayr, Ehrenfeld 1, 4694 Ohlsdorf<\/p>\n\t\t<\/div>\n\t\t\n\t\t<a class=\"elementor-post__read-more\" href=\"https:\/\/powerhub.at\/index.php\/2025\/09\/16\/dein-auto-als-stromspeicher\/\" aria-label=\"Mehr \u00fcber Dein Auto als Stromspeicher\" tabindex=\"-1\" >\n\t\t\tmehr erfahren\t\t<\/a>\n\n\t\t\t\t<\/div>\n\t\t\t\t<\/article>\n\t\t\t\t<\/div>\n\t\t\n\t\t\t\t\t\t<\/div>\n\t\t\t\t<\/div>\n\t\t\t\t<\/div>\n\t\t\t\t\t<\/div>\n\t\t\t\t<\/div>\n\t\t\t\t<\/div>\n\t\t","protected":false},"excerpt":{"rendered":"<p>powerHUB Events<\/p>\n","protected":false},"author":1,"featured_media":0,"parent":0,"menu_order":1,"comment_status":"closed","ping_status":"closed","template":"elementor_header_footer","meta":{"site-sidebar-layout":"no-sidebar","site-content-layout":"","ast-site-content-layout":"full-width-container","site-content-style":"default","site-sidebar-style":"default","ast-global-header-display":"","ast-banner-title-visibility":"","ast-main-header-display":"","ast-hfb-above-header-display":"","ast-hfb-below-header-display":"","ast-hfb-mobile-header-display":"","site-post-title":"disabled","ast-breadcrumbs-content":"","ast-featured-img":"disabled","footer-sml-layout":"","ast-disable-related-posts":"","theme-transparent-header-meta":"","adv-header-id-meta":"","stick-header-meta":"","header-above-stick-meta":"","header-main-stick-meta":"","header-below-stick-meta":"","astra-migrate-meta-layouts":"default","ast-page-background-enabled":"default","ast-page-background-meta":{"desktop":{"background-color":"var(--ast-global-color-4)","background-image":"","background-repeat":"repeat","background-position":"center center","background-size":"auto","background-attachment":"scroll","background-type":"","background-media":"","overlay-type":"","overlay-color":"","overlay-opacity":"","overlay-gradient":""},"tablet":{"background-color":"","background-image":"","background-repeat":"repeat","background-position":"center center","background-size":"auto","background-attachment":"scroll","background-type":"","background-media":"","overlay-type":"","overlay-color":"","overlay-opacity":"","overlay-gradient":""},"mobile":{"background-color":"","background-image":"","background-repeat":"repeat","background-position":"center center","background-size":"auto","background-attachment":"scroll","background-type":"","background-media":"","overlay-type":"","overlay-color":"","overlay-opacity":"","overlay-gradient":""}},"ast-content-background-meta":{"desktop":{"background-color":"var(--ast-global-color-5)","background-image":"","background-repeat":"repeat","background-position":"center center","background-size":"auto","background-attachment":"scroll","background-type":"","background-media":"","overlay-type":"","overlay-color":"","overlay-opacity":"","overlay-gradient":""},"tablet":{"background-color":"var(--ast-global-color-5)","background-image":"","background-repeat":"repeat","background-position":"center center","background-size":"auto","background-attachment":"scroll","background-type":"","background-media":"","overlay-type":"","overlay-color":"","overlay-opacity":"","overlay-gradient":""},"mobile":{"background-color":"var(--ast-global-color-5)","background-image":"","background-repeat":"repeat","background-position":"center center","background-size":"auto","background-attachment":"scroll","background-type":"","background-media":"","overlay-type":"","overlay-color":"","overlay-opacity":"","overlay-gradient":""}},"footnotes":""},"class_list":["post-2239","page","type-page","status-publish","hentry"],"_links":{"self":[{"href":"https:\/\/powerhub.at\/index.php\/wp-json\/wp\/v2\/pages\/2239","targetHints":{"allow":["GET"]}}],"collection":[{"href":"https:\/\/powerhub.at\/index.php\/wp-json\/wp\/v2\/pages"}],"about":[{"href":"https:\/\/powerhub.at\/index.php\/wp-json\/wp\/v2\/types\/page"}],"author":[{"embeddable":true,"href":"https:\/\/powerhub.at\/index.php\/wp-json\/wp\/v2\/users\/1"}],"replies":[{"embeddable":true,"href":"https:\/\/powerhub.at\/index.php\/wp-json\/wp\/v2\/comments?post=2239"}],"version-history":[{"count":16,"href":"https:\/\/powerhub.at\/index.php\/wp-json\/wp\/v2\/pages\/2239\/revisions"}],"predecessor-version":[{"id":2262,"href":"https:\/\/powerhub.at\/index.php\/wp-json\/wp\/v2\/pages\/2239\/revisions\/2262"}],"wp:attachment":[{"href":"https:\/\/powerhub.at\/index.php\/wp-json\/wp\/v2\/media?parent=2239"}],"curies":[{"name":"wp","href":"https:\/\/api.w.org\/{rel}","templated":true}]}}