{"id":2179,"date":"2025-07-19T07:29:25","date_gmt":"2025-07-19T06:29:25","guid":{"rendered":"https:\/\/powerhub.at\/?page_id=2179"},"modified":"2025-07-28T20:09:42","modified_gmt":"2025-07-28T19:09:42","slug":"egent","status":"publish","type":"page","link":"https:\/\/powerhub.at\/index.php\/egent\/","title":{"rendered":"EGent"},"content":{"rendered":"\t\t<div data-elementor-type=\"wp-page\" data-elementor-id=\"2179\" class=\"elementor elementor-2179\" data-elementor-post-type=\"page\">\n\t\t\t\t<div class=\"elementor-element elementor-element-9b497ff e-con-full e-flex e-con e-parent\" data-id=\"9b497ff\" data-element_type=\"container\" data-settings=\"{&quot;background_background&quot;:&quot;classic&quot;}\">\n\t\t<div class=\"elementor-element elementor-element-c8ac698 e-flex e-con-boxed e-con e-child\" data-id=\"c8ac698\" data-element_type=\"container\" data-settings=\"{&quot;background_background&quot;:&quot;classic&quot;}\">\n\t\t\t\t\t<div class=\"e-con-inner\">\n\t\t\t\t<div class=\"elementor-element elementor-element-914f853 elementor-widget elementor-widget-heading\" data-id=\"914f853\" data-element_type=\"widget\" data-widget_type=\"heading.default\">\n\t\t\t\t<div class=\"elementor-widget-container\">\n\t\t\t\t\t<h4 class=\"elementor-heading-title elementor-size-default\">Forschungsprojekt<\/h4>\t\t\t\t<\/div>\n\t\t\t\t<\/div>\n\t\t\t\t<div class=\"elementor-element elementor-element-87ac7bb elementor-widget elementor-widget-heading\" data-id=\"87ac7bb\" data-element_type=\"widget\" data-widget_type=\"heading.default\">\n\t\t\t\t<div class=\"elementor-widget-container\">\n\t\t\t\t\t<h1 class=\"elementor-heading-title elementor-size-default\">EGent<\/h1>\t\t\t\t<\/div>\n\t\t\t\t<\/div>\n\t\t<div class=\"elementor-element elementor-element-fa4c1d5 e-con-full e-flex e-con e-child\" data-id=\"fa4c1d5\" data-element_type=\"container\">\n\t\t\t\t<div class=\"elementor-element elementor-element-fcf967d elementor-widget elementor-widget-text-editor\" data-id=\"fcf967d\" data-element_type=\"widget\" data-widget_type=\"text-editor.default\">\n\t\t\t\t<div class=\"elementor-widget-container\">\n\t\t\t\t\t\t\t\t\t<p>Stochastische kooperative Agenten-Systeme fu\u0308r mobile und station\u00e4re (Schwarm-)Speicherkonzepte in Energiegemeinschaften<\/p>\t\t\t\t\t\t\t\t<\/div>\n\t\t\t\t<\/div>\n\t\t\t\t<\/div>\n\t\t\t\t\t<\/div>\n\t\t\t\t<\/div>\n\t\t<div class=\"elementor-element elementor-element-c99c82f e-flex e-con-boxed e-con e-child\" data-id=\"c99c82f\" data-element_type=\"container\" data-settings=\"{&quot;background_background&quot;:&quot;classic&quot;}\">\n\t\t\t\t\t<div class=\"e-con-inner\">\n\t\t\t\t\t<\/div>\n\t\t\t\t<\/div>\n\t\t\t\t<\/div>\n\t\t<div class=\"elementor-element elementor-element-c2c239a e-flex e-con-boxed e-con e-parent\" data-id=\"c2c239a\" data-element_type=\"container\" data-settings=\"{&quot;background_background&quot;:&quot;classic&quot;}\">\n\t\t\t\t\t<div class=\"e-con-inner\">\n\t\t\t\t<div class=\"elementor-element elementor-element-786667a elementor-grid-3 elementor-grid-tablet-2 elementor-grid-mobile-1 elementor-posts--thumbnail-top load-more-align-center elementor-widget elementor-widget-posts\" data-id=\"786667a\" data-element_type=\"widget\" data-settings=\"{&quot;pagination_type&quot;:&quot;load_more_on_click&quot;,&quot;classic_columns&quot;:&quot;3&quot;,&quot;classic_columns_tablet&quot;:&quot;2&quot;,&quot;classic_columns_mobile&quot;:&quot;1&quot;,&quot;classic_row_gap&quot;:{&quot;unit&quot;:&quot;px&quot;,&quot;size&quot;:35,&quot;sizes&quot;:[]},&quot;classic_row_gap_tablet&quot;:{&quot;unit&quot;:&quot;px&quot;,&quot;size&quot;:&quot;&quot;,&quot;sizes&quot;:[]},&quot;classic_row_gap_mobile&quot;:{&quot;unit&quot;:&quot;px&quot;,&quot;size&quot;:&quot;&quot;,&quot;sizes&quot;:[]},&quot;load_more_spinner&quot;:{&quot;value&quot;:&quot;fas fa-spinner&quot;,&quot;library&quot;:&quot;fa-solid&quot;}}\" data-widget_type=\"posts.classic\">\n\t\t\t\t<div class=\"elementor-widget-container\">\n\t\t\t\t\t\t\t<div class=\"elementor-posts-container elementor-posts elementor-posts--skin-classic elementor-grid\" role=\"list\">\n\t\t\t\t<article class=\"elementor-post elementor-grid-item post-2582 post type-post status-publish format-standard has-post-thumbnail hentry category-egent category-event category-forschungsprojekte category-v2g-network\" role=\"listitem\">\n\t\t\t\t<a class=\"elementor-post__thumbnail__link\" href=\"https:\/\/powerhub.at\/index.php\/2026\/04\/15\/hersteller-bidirektionaler-ladestationen-zu-gast-am-bauhof-neulengbach\/\" tabindex=\"-1\" >\n\t\t\t<div class=\"elementor-post__thumbnail\"><img fetchpriority=\"high\" decoding=\"async\" width=\"1024\" height=\"417\" src=\"https:\/\/powerhub.at\/wp-content\/uploads\/2026\/04\/Screenshot-2026-04-15-073052-1024x417.png\" class=\"attachment-large size-large wp-image-2586\" alt=\"\" srcset=\"https:\/\/powerhub.at\/wp-content\/uploads\/2026\/04\/Screenshot-2026-04-15-073052-1024x417.png 1024w, https:\/\/powerhub.at\/wp-content\/uploads\/2026\/04\/Screenshot-2026-04-15-073052-300x122.png 300w, https:\/\/powerhub.at\/wp-content\/uploads\/2026\/04\/Screenshot-2026-04-15-073052-768x313.png 768w, https:\/\/powerhub.at\/wp-content\/uploads\/2026\/04\/Screenshot-2026-04-15-073052.png 1072w\" sizes=\"(max-width: 1024px) 100vw, 1024px\" \/><\/div>\n\t\t<\/a>\n\t\t\t\t<div class=\"elementor-post__text\">\n\t\t\t\t<h3 class=\"elementor-post__title\">\n\t\t\t<a href=\"https:\/\/powerhub.at\/index.php\/2026\/04\/15\/hersteller-bidirektionaler-ladestationen-zu-gast-am-bauhof-neulengbach\/\" >\n\t\t\t\tHersteller bidirektionaler Ladestationen zu Gast am Bauhof Neulengbach\t\t\t<\/a>\n\t\t<\/h3>\n\t\t\t\t<div class=\"elementor-post__meta-data\">\n\t\t\t\t\t<span class=\"elementor-post-date\">\n\t\t\t15\/04\/2026\t\t<\/span>\n\t\t\t\t<\/div>\n\t\t\t\t<div class=\"elementor-post__excerpt\">\n\t\t\t<p>Wo? Bauhof Neulengbach<br \/>\nWann? 23.\u00a0April 2026 ab 16:00 Uhr<\/p>\n\t\t<\/div>\n\t\t\n\t\t<a class=\"elementor-post__read-more\" href=\"https:\/\/powerhub.at\/index.php\/2026\/04\/15\/hersteller-bidirektionaler-ladestationen-zu-gast-am-bauhof-neulengbach\/\" aria-label=\"Mehr \u00fcber Hersteller bidirektionaler Ladestationen zu Gast am Bauhof Neulengbach\" tabindex=\"-1\" >\n\t\t\tmehr &gt;\t\t<\/a>\n\n\t\t\t\t<\/div>\n\t\t\t\t<\/article>\n\t\t\t\t<article class=\"elementor-post elementor-grid-item post-2405 post type-post status-publish format-standard has-post-thumbnail hentry category-egent category-event category-forschungsprojekte category-beitrag\" role=\"listitem\">\n\t\t\t\t<a class=\"elementor-post__thumbnail__link\" href=\"https:\/\/powerhub.at\/index.php\/2025\/12\/03\/infoabend-kleinwindkraft\/\" tabindex=\"-1\" >\n\t\t\t<div class=\"elementor-post__thumbnail\"><img decoding=\"async\" width=\"724\" height=\"1024\" src=\"https:\/\/powerhub.at\/wp-content\/uploads\/2025\/12\/WhatsApp-Bild-2025-11-06-um-15.15.21_c83c5c5f-724x1024.jpg\" class=\"attachment-large size-large wp-image-2407\" alt=\"\" srcset=\"https:\/\/powerhub.at\/wp-content\/uploads\/2025\/12\/WhatsApp-Bild-2025-11-06-um-15.15.21_c83c5c5f-724x1024.jpg 724w, https:\/\/powerhub.at\/wp-content\/uploads\/2025\/12\/WhatsApp-Bild-2025-11-06-um-15.15.21_c83c5c5f-212x300.jpg 212w, https:\/\/powerhub.at\/wp-content\/uploads\/2025\/12\/WhatsApp-Bild-2025-11-06-um-15.15.21_c83c5c5f-768x1086.jpg 768w, https:\/\/powerhub.at\/wp-content\/uploads\/2025\/12\/WhatsApp-Bild-2025-11-06-um-15.15.21_c83c5c5f-1086x1536.jpg 1086w, https:\/\/powerhub.at\/wp-content\/uploads\/2025\/12\/WhatsApp-Bild-2025-11-06-um-15.15.21_c83c5c5f.jpg 1131w\" sizes=\"(max-width: 724px) 100vw, 724px\" \/><\/div>\n\t\t<\/a>\n\t\t\t\t<div class=\"elementor-post__text\">\n\t\t\t\t<h3 class=\"elementor-post__title\">\n\t\t\t<a href=\"https:\/\/powerhub.at\/index.php\/2025\/12\/03\/infoabend-kleinwindkraft\/\" >\n\t\t\t\tInfoabend Kleinwindkraft\t\t\t<\/a>\n\t\t<\/h3>\n\t\t\t\t<div class=\"elementor-post__meta-data\">\n\t\t\t\t\t<span class=\"elementor-post-date\">\n\t\t\t03\/12\/2025\t\t<\/span>\n\t\t\t\t<\/div>\n\t\t\t\t<div class=\"elementor-post__excerpt\">\n\t\t\t<p>Wo? Bauernschenke Troadkastn, Oberhofen<br \/>\nWann? 04.\u00a0Dezember\u00a02025\u00a0um\u00a019.00 Uhr<\/p>\n\t\t<\/div>\n\t\t\n\t\t<a class=\"elementor-post__read-more\" href=\"https:\/\/powerhub.at\/index.php\/2025\/12\/03\/infoabend-kleinwindkraft\/\" aria-label=\"Mehr \u00fcber Infoabend Kleinwindkraft\" tabindex=\"-1\" >\n\t\t\tmehr &gt;\t\t<\/a>\n\n\t\t\t\t<\/div>\n\t\t\t\t<\/article>\n\t\t\t\t<article class=\"elementor-post elementor-grid-item post-2383 post type-post status-publish format-standard has-post-thumbnail hentry category-egent category-event category-forschungsprojekte category-beitrag\" role=\"listitem\">\n\t\t\t\t<a class=\"elementor-post__thumbnail__link\" href=\"https:\/\/powerhub.at\/index.php\/2025\/11\/18\/workshop-batteriespeicher-die-zukunft-der-energiegemeinschaften-eeg-gemeinschaftenergie\/\" tabindex=\"-1\" >\n\t\t\t<div class=\"elementor-post__thumbnail\"><img decoding=\"async\" width=\"274\" height=\"130\" src=\"https:\/\/powerhub.at\/wp-content\/uploads\/2025\/11\/Bildschirmfoto-2025-11-18-um-10.18.16.png\" class=\"attachment-large size-large wp-image-2400\" alt=\"\" \/><\/div>\n\t\t<\/a>\n\t\t\t\t<div class=\"elementor-post__text\">\n\t\t\t\t<h3 class=\"elementor-post__title\">\n\t\t\t<a href=\"https:\/\/powerhub.at\/index.php\/2025\/11\/18\/workshop-batteriespeicher-die-zukunft-der-energiegemeinschaften-eeg-gemeinschaftenergie\/\" >\n\t\t\t\tWorkshop &#8222;Batteriespeicher \u2013 Die Zukunft der Energiegemeinschaften&#8220; &#8211; EEG Gemeinschaftenergie\t\t\t<\/a>\n\t\t<\/h3>\n\t\t\t\t<div class=\"elementor-post__meta-data\">\n\t\t\t\t\t<span class=\"elementor-post-date\">\n\t\t\t18\/11\/2025\t\t<\/span>\n\t\t\t\t<\/div>\n\t\t\t\t<div class=\"elementor-post__excerpt\">\n\t\t\t<p>Wo? Rathaussaal Eggenburg<br \/>\nWann? 03.\u00a0Dezember\u00a02025\u00a0um\u00a019.00 Uhr<\/p>\n\t\t<\/div>\n\t\t\n\t\t<a class=\"elementor-post__read-more\" href=\"https:\/\/powerhub.at\/index.php\/2025\/11\/18\/workshop-batteriespeicher-die-zukunft-der-energiegemeinschaften-eeg-gemeinschaftenergie\/\" aria-label=\"Mehr \u00fcber Workshop &#8222;Batteriespeicher \u2013 Die Zukunft der Energiegemeinschaften&#8220; &#8211; EEG Gemeinschaftenergie\" tabindex=\"-1\" >\n\t\t\tmehr &gt;\t\t<\/a>\n\n\t\t\t\t<\/div>\n\t\t\t\t<\/article>\n\t\t\t\t<\/div>\n\t\t\t\t\t<span class=\"e-load-more-spinner\">\n\t\t\t\t<svg aria-hidden=\"true\" class=\"e-font-icon-svg e-fas-spinner\" viewBox=\"0 0 512 512\" xmlns=\"http:\/\/www.w3.org\/2000\/svg\"><path d=\"M304 48c0 26.51-21.49 48-48 48s-48-21.49-48-48 21.49-48 48-48 48 21.49 48 48zm-48 368c-26.51 0-48 21.49-48 48s21.49 48 48 48 48-21.49 48-48-21.49-48-48-48zm208-208c-26.51 0-48 21.49-48 48s21.49 48 48 48 48-21.49 48-48-21.49-48-48-48zM96 256c0-26.51-21.49-48-48-48S0 229.49 0 256s21.49 48 48 48 48-21.49 48-48zm12.922 99.078c-26.51 0-48 21.49-48 48s21.49 48 48 48 48-21.49 48-48c0-26.509-21.491-48-48-48zm294.156 0c-26.51 0-48 21.49-48 48s21.49 48 48 48 48-21.49 48-48c0-26.509-21.49-48-48-48zM108.922 60.922c-26.51 0-48 21.49-48 48s21.49 48 48 48 48-21.49 48-48-21.491-48-48-48z\"><\/path><\/svg>\t\t\t<\/span>\n\t\t\n\t\t\t\t<div class=\"e-load-more-anchor\" data-page=\"1\" data-max-page=\"2\" data-next-page=\"https:\/\/powerhub.at\/index.php\/wp-json\/wp\/v2\/pages\/2179\/page\/2\/\"><\/div>\n\t\t\t\t<div class=\"elementor-button-wrapper\">\n\t\t\t<a class=\"elementor-button elementor-size-sm\" role=\"button\">\n\t\t\t\t\t\t<span class=\"elementor-button-content-wrapper\">\n\t\t\t\t\t\t\t\t\t<span class=\"elementor-button-text\">Weitere Beitr\u00e4ge<\/span>\n\t\t\t\t\t<\/span>\n\t\t\t\t\t<\/a>\n\t\t<\/div>\n\t\t\t\t<div class=\"e-load-more-message\"><\/div>\n\t\t\t\t\t\t<\/div>\n\t\t\t\t<\/div>\n\t\t\t\t\t<\/div>\n\t\t\t\t<\/div>\n\t\t<div class=\"elementor-element elementor-element-902ac9b e-flex e-con-boxed e-con e-parent\" data-id=\"902ac9b\" data-element_type=\"container\" data-settings=\"{&quot;background_background&quot;:&quot;classic&quot;}\">\n\t\t\t\t\t<div class=\"e-con-inner\">\n\t\t\t\t<div class=\"elementor-element elementor-element-c9be392 elementor-widget elementor-widget-heading\" data-id=\"c9be392\" data-element_type=\"widget\" data-widget_type=\"heading.default\">\n\t\t\t\t<div class=\"elementor-widget-container\">\n\t\t\t\t\t<h3 class=\"elementor-heading-title elementor-size-default\">Ausgangssituation und Problemstellung<\/h3>\t\t\t\t<\/div>\n\t\t\t\t<\/div>\n\t\t\t\t<div class=\"elementor-element elementor-element-9ca7340 elementor-widget elementor-widget-heading\" data-id=\"9ca7340\" data-element_type=\"widget\" data-widget_type=\"heading.default\">\n\t\t\t\t<div class=\"elementor-widget-container\">\n\t\t\t\t\t<h2 class=\"elementor-heading-title elementor-size-default\">\u00dcber das Projekt EGent<\/h2>\t\t\t\t<\/div>\n\t\t\t\t<\/div>\n\t\t\t\t<div class=\"elementor-element elementor-element-9e79d94 elementor-widget elementor-widget-text-editor\" data-id=\"9e79d94\" data-element_type=\"widget\" data-widget_type=\"text-editor.default\">\n\t\t\t\t<div class=\"elementor-widget-container\">\n\t\t\t\t\t\t\t\t\t<p>Um die Energiewende z\u00fcgig voranzutreiben ist das unerm\u00fcdliche Commitment der gesamten Bev\u00f6lkerung unerl\u00e4sslich. Insbesondere die aktive Einbindung von B\u00fcrger*innen kann eine entscheidende Rolle spielen, weshalb Energiegemeinschaften (EGs) ein entscheidender Hebel zum Erreichen der Klimaziele sein k\u00f6nnen. Um das volle Potenzial von EGs zu heben, m\u00fcssen jedoch zeitnah signifikante Weiterentwicklungen hinsichtlich kooperativer (statt individueller) Ans\u00e4tze und einer verbesserten Einbindung ins Gesamtenergiesystem stattfinden.\u00a0<\/p>\t\t\t\t\t\t\t\t<\/div>\n\t\t\t\t<\/div>\n\t\t\t\t<div class=\"elementor-element elementor-element-4c9f23d elementor-widget elementor-widget-heading\" data-id=\"4c9f23d\" data-element_type=\"widget\" data-widget_type=\"heading.default\">\n\t\t\t\t<div class=\"elementor-widget-container\">\n\t\t\t\t\t<h3 class=\"elementor-heading-title elementor-size-default\">Ziele und Methoden<\/h3>\t\t\t\t<\/div>\n\t\t\t\t<\/div>\n\t\t\t\t<div class=\"elementor-element elementor-element-8252d92 elementor-widget elementor-widget-text-editor\" data-id=\"8252d92\" data-element_type=\"widget\" data-widget_type=\"text-editor.default\">\n\t\t\t\t<div class=\"elementor-widget-container\">\n\t\t\t\t\t\t\t\t\t<p>An diesen beiden Punkten m\u00f6chte EGent ansetzen und forscht an M\u00f6glichkeiten der Einbindung unterschiedlicher Gemeinschaftsspeicherkonzepte in EGs. Dabei werden nicht nur station\u00e4re Gemeinschaftsspeicher untersucht, sondern auch mobile Schwarmspeicher (durch E-Fahrzeuge) und station\u00e4re Schwarmspeicher (Kollektive Intelligenz von Heimspeichersystemen). Im Rahmen des Projektes sollen die rechtlichen Gegebenheiten d. Einbindung von Gemeinschaftsspeicherkonzepten in EGs gekl\u00e4rt werden, insbesondere mit Hinblick auf die Kompatibilit\u00e4t mit der derzeitigen praktischen Umsetzung von EGs (Energiezuteilung mittels statischem\/dynamischem Aufteilungsschl\u00fcssel durch Verteilnetzbetreiber). Gemeinsam mit der Erhebung von Endkund*innenbed\u00fcrfnissen wird so eine solide Basis f\u00fcr eine Vielzahl an Untersuchungen gebildet. Insbesondere die Heterogenit\u00e4t von Teilnehmenden mit einer Vielzahl unterschiedlicher Zielsetzungen und die Zuf\u00e4lligkeit einzelner Last- und Erzeugungsanlagen stellen gro\u00dfe Herausforderungen bei Implementierung einer gemeinschaftlichen Regelungsinfrastruktur dar. Daher sind innovative stochastische Ans\u00e4tze erforderlich, um die Vielzahl an dynamischen Einflussgr\u00f6\u00dfen, wie z.B. Verf\u00fcgbarkeit mobiler Speicher und Volatilit\u00e4t der Energieerzeugung, zu ber\u00fccksichtigen. Mit der Entwicklung neuartiger probabilistischer und KI-basierter Prognosemethoden zur Vorhersage des Verbrauchs und der Erzeugung der EGs wird der der Grundstein f\u00fcr einen optimalen Einsatz der Ressourcen gelegt. Zeitgleich werden signifikante Verbesserungen in der stochastischen Betriebsoptimierung der gemeinschafts- und Schwarmspeicher angestrebt und Methoden zur effizienten Fehlererkennung erarbeitet.\u00a0<\/p>\t\t\t\t\t\t\t\t<\/div>\n\t\t\t\t<\/div>\n\t\t\t\t<div class=\"elementor-element elementor-element-ed02049 elementor-widget elementor-widget-heading\" data-id=\"ed02049\" data-element_type=\"widget\" data-widget_type=\"heading.default\">\n\t\t\t\t<div class=\"elementor-widget-container\">\n\t\t\t\t\t<h3 class=\"elementor-heading-title elementor-size-default\">Erwartete Ergebnisse<\/h3>\t\t\t\t<\/div>\n\t\t\t\t<\/div>\n\t\t\t\t<div class=\"elementor-element elementor-element-53ae80c elementor-widget elementor-widget-text-editor\" data-id=\"53ae80c\" data-element_type=\"widget\" data-widget_type=\"text-editor.default\">\n\t\t\t\t<div class=\"elementor-widget-container\">\n\t\t\t\t\t\t\t\t\t<p>Das Projekt EGent untersucht hierbei die technische Umsetzung eines gemeinschaftlichen Energiemanagements sowohl aus einer System- als auch einer Teilnehmendenperspektive unter wechselseitiger Ber\u00fccksichtigung der wirtschaftlichen Rahmenbedingungen. Weiters werden innovative Tarif- und Gesch\u00e4ftsmodelle entwickelt, die das Spannungsfeld aus wirtschaftlichem und netzdienlichem Speicherbetrieb zu adressieren verm\u00f6gen. In diesem Kontext ist es au\u00dferdem n\u00f6tig, (nicht monet\u00e4re) Anreizmechanismen f\u00fcr Endkund*innen zu entwickeln, um die Teilnahmebereitschaft an und Akzeptanz von unterschiedlichen Gemeinschaftsspeicherkonzepten zu erh\u00f6hen.<\/p>\t\t\t\t\t\t\t\t<\/div>\n\t\t\t\t<\/div>\n\t\t\t\t<div class=\"elementor-element elementor-element-a5a9dde elementor-widget elementor-widget-heading\" data-id=\"a5a9dde\" data-element_type=\"widget\" data-widget_type=\"heading.default\">\n\t\t\t\t<div class=\"elementor-widget-container\">\n\t\t\t\t\t<h3 class=\"elementor-heading-title elementor-size-default\">Kontakt<\/h3>\t\t\t\t<\/div>\n\t\t\t\t<\/div>\n\t\t\t\t<div class=\"elementor-element elementor-element-a4adf30 elementor-widget elementor-widget-text-editor\" data-id=\"a4adf30\" data-element_type=\"widget\" data-widget_type=\"text-editor.default\">\n\t\t\t\t<div class=\"elementor-widget-container\">\n\t\t\t\t\t\t\t\t\t<p><strong>Kurt Leonhartsberger<\/strong><br \/>0676 970 1986, <a href=\"mailto:kurtleonhartsberger@gmail.com\">office@impeect.at<\/a><\/p><p><em>Das Projekt \u201eEGent\u201c (FFG-Nummer: 926341) wird im Rahmen der Ausschreibung \u201eEnergieforschung 2024\u201c durch das Bundesministerium fu\u0308r Innovation, Mobilit\u00e4t und Infrastruktur (BMIMI) gef\u00f6rdert<\/em><\/p>\t\t\t\t\t\t\t\t<\/div>\n\t\t\t\t<\/div>\n\t\t\t\t\t<\/div>\n\t\t\t\t<\/div>\n\t\t<div class=\"elementor-element elementor-element-cb9a85a e-flex e-con-boxed e-con e-parent\" data-id=\"cb9a85a\" data-element_type=\"container\">\n\t\t\t\t\t<div class=\"e-con-inner\">\n\t\t\t\t<div class=\"elementor-element elementor-element-fc7faf1 elementor-widget elementor-widget-image-carousel\" data-id=\"fc7faf1\" data-element_type=\"widget\" data-settings=\"{&quot;slides_to_show&quot;:&quot;1&quot;,&quot;navigation&quot;:&quot;none&quot;,&quot;autoplay&quot;:&quot;yes&quot;,&quot;pause_on_hover&quot;:&quot;yes&quot;,&quot;pause_on_interaction&quot;:&quot;yes&quot;,&quot;autoplay_speed&quot;:5000,&quot;infinite&quot;:&quot;yes&quot;,&quot;effect&quot;:&quot;slide&quot;,&quot;speed&quot;:500}\" data-widget_type=\"image-carousel.default\">\n\t\t\t\t<div class=\"elementor-widget-container\">\n\t\t\t\t\t\t\t<div class=\"elementor-image-carousel-wrapper swiper\" role=\"region\" aria-roledescription=\"carousel\" aria-label=\"Image Carousel\" dir=\"ltr\">\n\t\t\t<div class=\"elementor-image-carousel swiper-wrapper\" aria-live=\"off\">\n\t\t\t\t\t\t\t\t<div class=\"swiper-slide\" role=\"group\" aria-roledescription=\"slide\" aria-label=\"1 von 1\"><figure class=\"swiper-slide-inner\"><img decoding=\"async\" class=\"swiper-slide-image\" src=\"https:\/\/powerhub.at\/wp-content\/uploads\/2025\/07\/EGent-Logoleiste-1.png\" alt=\"EGent Logoleiste\" \/><\/figure><\/div>\t\t\t<\/div>\n\t\t\t\t\t<\/div>\n\t\t\t\t\t\t<\/div>\n\t\t\t\t<\/div>\n\t\t\t\t\t<\/div>\n\t\t\t\t<\/div>\n\t\t\t\t<\/div>\n\t\t","protected":false},"excerpt":{"rendered":"<p>Forschungsprojekt EGent Stochastische kooperative Agenten-Systeme fu\u0308r mobile und station\u00e4re (Schwarm-)Speicherkonzepte in Energiegemeinschaften Ausgangssituation und Problemstellung \u00dcber das Projekt EGent Um die Energiewende z\u00fcgig voranzutreiben ist das unerm\u00fcdliche Commitment der gesamten Bev\u00f6lkerung unerl\u00e4sslich. Insbesondere die aktive Einbindung von B\u00fcrger*innen kann eine entscheidende Rolle spielen, weshalb Energiegemeinschaften (EGs) ein entscheidender Hebel zum Erreichen der Klimaziele sein k\u00f6nnen. [&hellip;]<\/p>\n","protected":false},"author":4,"featured_media":2186,"parent":0,"menu_order":9,"comment_status":"closed","ping_status":"closed","template":"elementor_header_footer","meta":{"site-sidebar-layout":"no-sidebar","site-content-layout":"","ast-site-content-layout":"full-width-container","site-content-style":"default","site-sidebar-style":"default","ast-global-header-display":"","ast-banner-title-visibility":"","ast-main-header-display":"","ast-hfb-above-header-display":"","ast-hfb-below-header-display":"","ast-hfb-mobile-header-display":"","site-post-title":"disabled","ast-breadcrumbs-content":"","ast-featured-img":"disabled","footer-sml-layout":"","ast-disable-related-posts":"","theme-transparent-header-meta":"","adv-header-id-meta":"","stick-header-meta":"","header-above-stick-meta":"","header-main-stick-meta":"","header-below-stick-meta":"","astra-migrate-meta-layouts":"default","ast-page-background-enabled":"default","ast-page-background-meta":{"desktop":{"background-color":"var(--ast-global-color-4)","background-image":"","background-repeat":"repeat","background-position":"center center","background-size":"auto","background-attachment":"scroll","background-type":"","background-media":"","overlay-type":"","overlay-color":"","overlay-opacity":"","overlay-gradient":""},"tablet":{"background-color":"","background-image":"","background-repeat":"repeat","background-position":"center center","background-size":"auto","background-attachment":"scroll","background-type":"","background-media":"","overlay-type":"","overlay-color":"","overlay-opacity":"","overlay-gradient":""},"mobile":{"background-color":"","background-image":"","background-repeat":"repeat","background-position":"center center","background-size":"auto","background-attachment":"scroll","background-type":"","background-media":"","overlay-type":"","overlay-color":"","overlay-opacity":"","overlay-gradient":""}},"ast-content-background-meta":{"desktop":{"background-color":"var(--ast-global-color-5)","background-image":"","background-repeat":"repeat","background-position":"center center","background-size":"auto","background-attachment":"scroll","background-type":"","background-media":"","overlay-type":"","overlay-color":"","overlay-opacity":"","overlay-gradient":""},"tablet":{"background-color":"var(--ast-global-color-5)","background-image":"","background-repeat":"repeat","background-position":"center center","background-size":"auto","background-attachment":"scroll","background-type":"","background-media":"","overlay-type":"","overlay-color":"","overlay-opacity":"","overlay-gradient":""},"mobile":{"background-color":"var(--ast-global-color-5)","background-image":"","background-repeat":"repeat","background-position":"center center","background-size":"auto","background-attachment":"scroll","background-type":"","background-media":"","overlay-type":"","overlay-color":"","overlay-opacity":"","overlay-gradient":""}},"footnotes":""},"class_list":["post-2179","page","type-page","status-publish","has-post-thumbnail","hentry"],"_links":{"self":[{"href":"https:\/\/powerhub.at\/index.php\/wp-json\/wp\/v2\/pages\/2179","targetHints":{"allow":["GET"]}}],"collection":[{"href":"https:\/\/powerhub.at\/index.php\/wp-json\/wp\/v2\/pages"}],"about":[{"href":"https:\/\/powerhub.at\/index.php\/wp-json\/wp\/v2\/types\/page"}],"author":[{"embeddable":true,"href":"https:\/\/powerhub.at\/index.php\/wp-json\/wp\/v2\/users\/4"}],"replies":[{"embeddable":true,"href":"https:\/\/powerhub.at\/index.php\/wp-json\/wp\/v2\/comments?post=2179"}],"version-history":[{"count":14,"href":"https:\/\/powerhub.at\/index.php\/wp-json\/wp\/v2\/pages\/2179\/revisions"}],"predecessor-version":[{"id":2343,"href":"https:\/\/powerhub.at\/index.php\/wp-json\/wp\/v2\/pages\/2179\/revisions\/2343"}],"wp:featuredmedia":[{"embeddable":true,"href":"https:\/\/powerhub.at\/index.php\/wp-json\/wp\/v2\/media\/2186"}],"wp:attachment":[{"href":"https:\/\/powerhub.at\/index.php\/wp-json\/wp\/v2\/media?parent=2179"}],"curies":[{"name":"wp","href":"https:\/\/api.w.org\/{rel}","templated":true}]}}