{"id":2168,"date":"2025-07-19T07:18:16","date_gmt":"2025-07-19T06:18:16","guid":{"rendered":"https:\/\/powerhub.at\/?page_id=2168"},"modified":"2025-07-19T07:36:45","modified_gmt":"2025-07-19T06:36:45","slug":"esmile","status":"publish","type":"page","link":"https:\/\/powerhub.at\/index.php\/esmile\/","title":{"rendered":"eSMILE"},"content":{"rendered":"\t\t<div data-elementor-type=\"wp-page\" data-elementor-id=\"2168\" class=\"elementor elementor-2168\" data-elementor-post-type=\"page\">\n\t\t\t\t<div class=\"elementor-element elementor-element-9b497ff e-con-full e-flex e-con e-parent\" data-id=\"9b497ff\" data-element_type=\"container\" data-settings=\"{&quot;background_background&quot;:&quot;classic&quot;}\">\n\t\t<div class=\"elementor-element elementor-element-c8ac698 e-flex e-con-boxed e-con e-child\" data-id=\"c8ac698\" data-element_type=\"container\" data-settings=\"{&quot;background_background&quot;:&quot;classic&quot;}\">\n\t\t\t\t\t<div class=\"e-con-inner\">\n\t\t\t\t<div class=\"elementor-element elementor-element-914f853 elementor-widget elementor-widget-heading\" data-id=\"914f853\" data-element_type=\"widget\" data-widget_type=\"heading.default\">\n\t\t\t\t<div class=\"elementor-widget-container\">\n\t\t\t\t\t<h4 class=\"elementor-heading-title elementor-size-default\">Forschungsprojekt<\/h4>\t\t\t\t<\/div>\n\t\t\t\t<\/div>\n\t\t\t\t<div class=\"elementor-element elementor-element-87ac7bb elementor-widget elementor-widget-heading\" data-id=\"87ac7bb\" data-element_type=\"widget\" data-widget_type=\"heading.default\">\n\t\t\t\t<div class=\"elementor-widget-container\">\n\t\t\t\t\t<h1 class=\"elementor-heading-title elementor-size-default\">eSMILE<\/h1>\t\t\t\t<\/div>\n\t\t\t\t<\/div>\n\t\t<div class=\"elementor-element elementor-element-fa4c1d5 e-con-full e-flex e-con e-child\" data-id=\"fa4c1d5\" data-element_type=\"container\">\n\t\t\t\t<div class=\"elementor-element elementor-element-fcf967d elementor-widget elementor-widget-text-editor\" data-id=\"fcf967d\" data-element_type=\"widget\" data-widget_type=\"text-editor.default\">\n\t\t\t\t<div class=\"elementor-widget-container\">\n\t\t\t\t\t\t\t\t\t<p>Bewusstseinsbildung und praxisnahe Wissensvermittlung im Bereich Elektromobilit\u00e4t f\u00fcr die Fachkr\u00e4fte von heute und morgen<\/p>\t\t\t\t\t\t\t\t<\/div>\n\t\t\t\t<\/div>\n\t\t\t\t<\/div>\n\t\t\t\t\t<\/div>\n\t\t\t\t<\/div>\n\t\t<div class=\"elementor-element elementor-element-c99c82f e-flex e-con-boxed e-con e-child\" data-id=\"c99c82f\" data-element_type=\"container\" data-settings=\"{&quot;background_background&quot;:&quot;classic&quot;}\">\n\t\t\t\t\t<div class=\"e-con-inner\">\n\t\t\t\t\t<\/div>\n\t\t\t\t<\/div>\n\t\t\t\t<\/div>\n\t\t<div class=\"elementor-element elementor-element-c2c239a e-flex e-con-boxed e-con e-parent\" data-id=\"c2c239a\" data-element_type=\"container\" data-settings=\"{&quot;background_background&quot;:&quot;classic&quot;}\">\n\t\t\t\t\t<div class=\"e-con-inner\">\n\t\t\t\t<div class=\"elementor-element elementor-element-786667a elementor-grid-3 elementor-grid-tablet-2 elementor-grid-mobile-1 elementor-posts--thumbnail-top load-more-align-center elementor-widget elementor-widget-posts\" data-id=\"786667a\" data-element_type=\"widget\" data-settings=\"{&quot;pagination_type&quot;:&quot;load_more_on_click&quot;,&quot;classic_columns&quot;:&quot;3&quot;,&quot;classic_columns_tablet&quot;:&quot;2&quot;,&quot;classic_columns_mobile&quot;:&quot;1&quot;,&quot;classic_row_gap&quot;:{&quot;unit&quot;:&quot;px&quot;,&quot;size&quot;:35,&quot;sizes&quot;:[]},&quot;classic_row_gap_tablet&quot;:{&quot;unit&quot;:&quot;px&quot;,&quot;size&quot;:&quot;&quot;,&quot;sizes&quot;:[]},&quot;classic_row_gap_mobile&quot;:{&quot;unit&quot;:&quot;px&quot;,&quot;size&quot;:&quot;&quot;,&quot;sizes&quot;:[]},&quot;load_more_spinner&quot;:{&quot;value&quot;:&quot;fas fa-spinner&quot;,&quot;library&quot;:&quot;fa-solid&quot;}}\" data-widget_type=\"posts.classic\">\n\t\t\t\t<div class=\"elementor-widget-container\">\n\t\t\t\t\t\t\t<div class=\"elementor-posts-container elementor-posts elementor-posts--skin-classic elementor-grid\" role=\"list\">\n\t\t\t\t<article class=\"elementor-post elementor-grid-item post-2558 post type-post status-publish format-standard has-post-thumbnail hentry category-esmile category-beitrag\" role=\"listitem\">\n\t\t\t\t<a class=\"elementor-post__thumbnail__link\" href=\"https:\/\/powerhub.at\/index.php\/2026\/01\/29\/green-jobs-deine-chance\/\" tabindex=\"-1\" >\n\t\t\t<div class=\"elementor-post__thumbnail\"><img fetchpriority=\"high\" decoding=\"async\" width=\"605\" height=\"545\" src=\"https:\/\/powerhub.at\/wp-content\/uploads\/2026\/01\/eSmile-green-jobs.png\" class=\"attachment-large size-large wp-image-2564\" alt=\"\" srcset=\"https:\/\/powerhub.at\/wp-content\/uploads\/2026\/01\/eSmile-green-jobs.png 605w, https:\/\/powerhub.at\/wp-content\/uploads\/2026\/01\/eSmile-green-jobs-300x270.png 300w\" sizes=\"(max-width: 605px) 100vw, 605px\" \/><\/div>\n\t\t<\/a>\n\t\t\t\t<div class=\"elementor-post__text\">\n\t\t\t\t<h3 class=\"elementor-post__title\">\n\t\t\t<a href=\"https:\/\/powerhub.at\/index.php\/2026\/01\/29\/green-jobs-deine-chance\/\" >\n\t\t\t\tGreen Jobs &#8211; Deine Chance!\t\t\t<\/a>\n\t\t<\/h3>\n\t\t\t\t<div class=\"elementor-post__meta-data\">\n\t\t\t\t\t<span class=\"elementor-post-date\">\n\t\t\t29\/01\/2026\t\t<\/span>\n\t\t\t\t<\/div>\n\t\t\t\t<div class=\"elementor-post__excerpt\">\n\t\t\t<p>4 unterschiedliche Personen. 4 verschiedene Werdeg\u00e4nge. 1 gemeinsame Mission: Unsere Zukunft zu gestalten!<\/p>\n\t\t<\/div>\n\t\t\n\t\t<a class=\"elementor-post__read-more\" href=\"https:\/\/powerhub.at\/index.php\/2026\/01\/29\/green-jobs-deine-chance\/\" aria-label=\"Mehr \u00fcber Green Jobs &#8211; Deine Chance!\" tabindex=\"-1\" >\n\t\t\tmehr &gt;\t\t<\/a>\n\n\t\t\t\t<\/div>\n\t\t\t\t<\/article>\n\t\t\t\t<\/div>\n\t\t\t\t\t<span class=\"e-load-more-spinner\">\n\t\t\t\t<svg aria-hidden=\"true\" class=\"e-font-icon-svg e-fas-spinner\" viewBox=\"0 0 512 512\" xmlns=\"http:\/\/www.w3.org\/2000\/svg\"><path d=\"M304 48c0 26.51-21.49 48-48 48s-48-21.49-48-48 21.49-48 48-48 48 21.49 48 48zm-48 368c-26.51 0-48 21.49-48 48s21.49 48 48 48 48-21.49 48-48-21.49-48-48-48zm208-208c-26.51 0-48 21.49-48 48s21.49 48 48 48 48-21.49 48-48-21.49-48-48-48zM96 256c0-26.51-21.49-48-48-48S0 229.49 0 256s21.49 48 48 48 48-21.49 48-48zm12.922 99.078c-26.51 0-48 21.49-48 48s21.49 48 48 48 48-21.49 48-48c0-26.509-21.491-48-48-48zm294.156 0c-26.51 0-48 21.49-48 48s21.49 48 48 48 48-21.49 48-48c0-26.509-21.49-48-48-48zM108.922 60.922c-26.51 0-48 21.49-48 48s21.49 48 48 48 48-21.49 48-48-21.491-48-48-48z\"><\/path><\/svg>\t\t\t<\/span>\n\t\t\n\t\t\t\t\t\t<\/div>\n\t\t\t\t<\/div>\n\t\t\t\t\t<\/div>\n\t\t\t\t<\/div>\n\t\t<div class=\"elementor-element elementor-element-902ac9b e-flex e-con-boxed e-con e-parent\" data-id=\"902ac9b\" data-element_type=\"container\" data-settings=\"{&quot;background_background&quot;:&quot;classic&quot;}\">\n\t\t\t\t\t<div class=\"e-con-inner\">\n\t\t\t\t<div class=\"elementor-element elementor-element-9ca7340 elementor-widget elementor-widget-heading\" data-id=\"9ca7340\" data-element_type=\"widget\" data-widget_type=\"heading.default\">\n\t\t\t\t<div class=\"elementor-widget-container\">\n\t\t\t\t\t<h2 class=\"elementor-heading-title elementor-size-default\">\u00dcber das Projekt eSMILE<\/h2>\t\t\t\t<\/div>\n\t\t\t\t<\/div>\n\t\t\t\t<div class=\"elementor-element elementor-element-c9be392 elementor-widget elementor-widget-heading\" data-id=\"c9be392\" data-element_type=\"widget\" data-widget_type=\"heading.default\">\n\t\t\t\t<div class=\"elementor-widget-container\">\n\t\t\t\t\t<h3 class=\"elementor-heading-title elementor-size-default\">Ausgangssituation und Problemstellung<\/h3>\t\t\t\t<\/div>\n\t\t\t\t<\/div>\n\t\t\t\t<div class=\"elementor-element elementor-element-9e79d94 elementor-widget elementor-widget-text-editor\" data-id=\"9e79d94\" data-element_type=\"widget\" data-widget_type=\"text-editor.default\">\n\t\t\t\t<div class=\"elementor-widget-container\">\n\t\t\t\t\t\t\t\t\t<p>Trotz der positiven Entwicklung der E-Mobilit\u00e4t in den letzten Jahren \u2013 vor allem hinsichtlich Reichweite und Verf\u00fcgbarkeit &#8211; ist die Skepsis in der Bev\u00f6lkerung nach wie vor hoch und viele, mittlerweile stark veraltete Argumente, bestimmen weiterhin die \u00f6ffentliche Diskussion.<\/p><p>Doch nicht nur im Bereich der Elektromobilit\u00e4t, sondern auch in anderen Themenfelder in Kontext der Energiewende, werden Kinder und Jugendliche zunehmend mit negativen Sichtweisen bzw. einer ablehnenden Haltung aus dem eigenen Elternhaus oder engerem Umfeld konfrontiert \u2013 eine insofern bedenkliche Entwicklung, da dies mittelfristig auch Auswirkungen auf den Fachkr\u00e4ftemangel vor allem im Bereich der Erneuerbaren haben kann.<\/p><p>Um diesen Entwicklungen vorzubeugen, ist es daher notwendig Ma\u00dfnahmen zu setzen, um Kindern und Jugendlichen fr\u00fchzeitig die positiven Aspekte der Energiewende, insbesondere der E-Mobilit\u00e4t, zu vermitteln und damit verbundene Berufsbilder attraktiver zu gestalten. Dar\u00fcber hinaus gilt es auch bei Professionisten anzusetzen und ihnen die vielen Vorteile der Energiewende zu demonstrieren, um sie damit zu Multiplikatoren zu machen.<\/p>\t\t\t\t\t\t\t\t<\/div>\n\t\t\t\t<\/div>\n\t\t\t\t<div class=\"elementor-element elementor-element-4c9f23d elementor-widget elementor-widget-heading\" data-id=\"4c9f23d\" data-element_type=\"widget\" data-widget_type=\"heading.default\">\n\t\t\t\t<div class=\"elementor-widget-container\">\n\t\t\t\t\t<h3 class=\"elementor-heading-title elementor-size-default\">Ziele und Methoden<\/h3>\t\t\t\t<\/div>\n\t\t\t\t<\/div>\n\t\t\t\t<div class=\"elementor-element elementor-element-8252d92 elementor-widget elementor-widget-text-editor\" data-id=\"8252d92\" data-element_type=\"widget\" data-widget_type=\"text-editor.default\">\n\t\t\t\t<div class=\"elementor-widget-container\">\n\t\t\t\t\t\t\t\t\t<p>Dahingehend sind im geplanten Projekt unterschiedliche Aktivit\u00e4ten \u2013 prim\u00e4r im Themenfeld Elektromobilit\u00e4t und bidirektionales Laden \u2013 mit folgenden Zielen geplant z. B.<\/p><ol><li>interaktive Workshop-Reihen in Schulen inkl. Demonstration der Machbarkeit innovativer L\u00f6sungen im Bereich der Elektromobilit\u00e4t \/ V2G usw.<\/li><\/ol><p>um junge Menschen gezielt f\u00fcr Erneuerbare Energien und insbesondere f\u00fcr Berufe in diesem Bereich zu begeistern und somit dem Fachkr\u00e4ftemangel gezielt entgegenzuwirken sowie Sch\u00fclerInnen zu wichtigen MultiplikatorInnen vor allem in Richtung Elternhaus zu machen.<\/p><ol start=\"2\"><li>praxisnahe Aus- und Weiterbildung in ausgew\u00e4hlten Unternehmen im Bereich Mobilit\u00e4t<\/li><\/ol><p>mit dem Ziel deren MitarbeiterInnen von Skeptikern zu \u00fcberzeugten Enablern der Mobilit\u00e4tswende zu machen.<\/p><ol start=\"3\"><li>Entwicklung einer Info-Plattform f\u00fcr Elektromobilit\u00e4t und bidirektionales Laden mit Erfahrungsberichten, Berichten \u00fcber aktuelle Entwicklungen (z. B. aus Forschungsprojekten),\u2026 gemeinsam mit Sch\u00fclerInnen und Professionisten<\/li><li>sowie pers\u00f6nliche Wissensvermittlung zum An- und Begreifen in den KEMs zum Thema Elektromobilit\u00e4t und bidirektionales Laden z. B. durch Vorstellung \/ Demonstration einer mobilen bidirektionalen Ladestation bei Veranstaltungen<\/li><\/ol><p>um Menschen zu informieren und zu begeistern, l\u00e4ngst \u00fcberholte Vorbehalten und Vorurteilen entgegenzuwirken und ihnen die M\u00f6glichkeit zu bieten, die Vorteile der Elektromobilit\u00e4t praxisnah zu sehen und begreifen zu k\u00f6nnen.<\/p>\t\t\t\t\t\t\t\t<\/div>\n\t\t\t\t<\/div>\n\t\t\t\t<div class=\"elementor-element elementor-element-ed02049 elementor-widget elementor-widget-heading\" data-id=\"ed02049\" data-element_type=\"widget\" data-widget_type=\"heading.default\">\n\t\t\t\t<div class=\"elementor-widget-container\">\n\t\t\t\t\t<h3 class=\"elementor-heading-title elementor-size-default\">Erwartete Ergebnisse<\/h3>\t\t\t\t<\/div>\n\t\t\t\t<\/div>\n\t\t\t\t<div class=\"elementor-element elementor-element-53ae80c elementor-widget elementor-widget-text-editor\" data-id=\"53ae80c\" data-element_type=\"widget\" data-widget_type=\"text-editor.default\">\n\t\t\t\t<div class=\"elementor-widget-container\">\n\t\t\t\t\t\t\t\t\t<ul><li>Fertige entwickelte und erprobte Workshop- bzw. Aus- und Weiterbildungskonzepte f\u00fcr Schulen und Professionisten, mit dem Ziel einen Beitrag zum Fachkr\u00e4ftemangel zu leisten<\/li><li>sowie aufbereitete und f\u00fcr das Selbststudium geeignete Aus- und Weiterbildungsunterlagen f\u00fcr Unternehmen sowie relevante Stakeholder<\/li><li>gemeinsam mit Sch\u00fclerInnen und Unternehmen erarbeitete Plattform \u201eUnsere Zukunft, unsere Mobilit\u00e4t, unsere Energieversorgung!\u201c inkl. aufbereiteter Inhalte f\u00fcr verschiedene Zielgruppen\u00a0<\/li><li>3 Workshops in ausgew\u00e4hlten Autoh\u00e4usern sowie mind. 6 Workshops in ausgew\u00e4hlten Schulen<\/li><li>mind. 6 Infoveranstaltungen in den KEM Gemeinden als eigenst\u00e4ndige Veranstaltungen oder als Teil von thematisch passenden Veranstaltungen\u00a0<\/li><\/ul>\t\t\t\t\t\t\t\t<\/div>\n\t\t\t\t<\/div>\n\t\t\t\t<div class=\"elementor-element elementor-element-a5a9dde elementor-widget elementor-widget-heading\" data-id=\"a5a9dde\" data-element_type=\"widget\" data-widget_type=\"heading.default\">\n\t\t\t\t<div class=\"elementor-widget-container\">\n\t\t\t\t\t<h3 class=\"elementor-heading-title elementor-size-default\">Kontakt<\/h3>\t\t\t\t<\/div>\n\t\t\t\t<\/div>\n\t\t\t\t<div class=\"elementor-element elementor-element-a4adf30 elementor-widget elementor-widget-text-editor\" data-id=\"a4adf30\" data-element_type=\"widget\" data-widget_type=\"text-editor.default\">\n\t\t\t\t<div class=\"elementor-widget-container\">\n\t\t\t\t\t\t\t\t\t<p><strong>Kurt Leonhartsberger<\/strong><br \/>0676 970 1986, <a href=\"mailto:kurtleonhartsberger@gmail.com\">office@impeect.at<\/a><\/p>\t\t\t\t\t\t\t\t<\/div>\n\t\t\t\t<\/div>\n\t\t\t\t\t<\/div>\n\t\t\t\t<\/div>\n\t\t<div class=\"elementor-element elementor-element-cb9a85a e-flex e-con-boxed e-con e-parent\" data-id=\"cb9a85a\" data-element_type=\"container\">\n\t\t\t\t\t<div class=\"e-con-inner\">\n\t\t\t\t<div class=\"elementor-element elementor-element-fc7faf1 elementor-widget elementor-widget-image-carousel\" data-id=\"fc7faf1\" data-element_type=\"widget\" data-settings=\"{&quot;slides_to_show&quot;:&quot;5&quot;,&quot;navigation&quot;:&quot;none&quot;,&quot;image_spacing_custom&quot;:{&quot;unit&quot;:&quot;px&quot;,&quot;size&quot;:66,&quot;sizes&quot;:[]},&quot;autoplay&quot;:&quot;yes&quot;,&quot;pause_on_hover&quot;:&quot;yes&quot;,&quot;pause_on_interaction&quot;:&quot;yes&quot;,&quot;autoplay_speed&quot;:5000,&quot;infinite&quot;:&quot;yes&quot;,&quot;speed&quot;:500,&quot;image_spacing_custom_tablet&quot;:{&quot;unit&quot;:&quot;px&quot;,&quot;size&quot;:&quot;&quot;,&quot;sizes&quot;:[]},&quot;image_spacing_custom_mobile&quot;:{&quot;unit&quot;:&quot;px&quot;,&quot;size&quot;:&quot;&quot;,&quot;sizes&quot;:[]}}\" data-widget_type=\"image-carousel.default\">\n\t\t\t\t<div class=\"elementor-widget-container\">\n\t\t\t\t\t\t\t<div class=\"elementor-image-carousel-wrapper swiper\" role=\"region\" aria-roledescription=\"carousel\" aria-label=\"Image Carousel\" dir=\"ltr\">\n\t\t\t<div class=\"elementor-image-carousel swiper-wrapper\" aria-live=\"off\">\n\t\t\t\t\t\t\t\t<div class=\"swiper-slide\" role=\"group\" aria-roledescription=\"slide\" aria-label=\"1 von 5\"><figure class=\"swiper-slide-inner\"><img decoding=\"async\" class=\"swiper-slide-image\" src=\"https:\/\/powerhub.at\/wp-content\/uploads\/2024\/06\/TU_Wien-Logo.png\" alt=\"TU_Wien-Logo\" \/><\/figure><\/div><div class=\"swiper-slide\" role=\"group\" aria-roledescription=\"slide\" aria-label=\"2 von 5\"><figure class=\"swiper-slide-inner\"><img decoding=\"async\" class=\"swiper-slide-image\" src=\"https:\/\/powerhub.at\/wp-content\/uploads\/2024\/06\/logo-e-pool-1.jpg\" alt=\"logo-e-pool\" \/><\/figure><\/div><div class=\"swiper-slide\" role=\"group\" aria-roledescription=\"slide\" aria-label=\"3 von 5\"><figure class=\"swiper-slide-inner\"><img decoding=\"async\" class=\"swiper-slide-image\" src=\"https:\/\/powerhub.at\/wp-content\/uploads\/2024\/06\/Logo_Sonnenplatz.png\" alt=\"Logo_Sonnenplatz\" \/><\/figure><\/div><div class=\"swiper-slide\" role=\"group\" aria-roledescription=\"slide\" aria-label=\"4 von 5\"><figure class=\"swiper-slide-inner\"><img decoding=\"async\" class=\"swiper-slide-image\" src=\"https:\/\/powerhub.at\/wp-content\/uploads\/2024\/06\/RB-Logo-rechts-M-space.png\" alt=\"RB-Logo-rechts-M space\" \/><\/figure><\/div><div class=\"swiper-slide\" role=\"group\" aria-roledescription=\"slide\" aria-label=\"5 von 5\"><figure class=\"swiper-slide-inner\"><img decoding=\"async\" class=\"swiper-slide-image\" src=\"https:\/\/powerhub.at\/wp-content\/uploads\/2024\/06\/logo-implantat.png\" alt=\"logo-implantat\" \/><\/figure><\/div>\t\t\t<\/div>\n\t\t\t\t\t\t\t\n\t\t\t\t\t\t\t\t\t<\/div>\n\t\t\t\t\t\t<\/div>\n\t\t\t\t<\/div>\n\t\t\t\t\t<\/div>\n\t\t\t\t<\/div>\n\t\t\t\t<\/div>\n\t\t","protected":false},"excerpt":{"rendered":"<p>Forschungsprojekt eSMILE Bewusstseinsbildung und praxisnahe Wissensvermittlung im Bereich Elektromobilit\u00e4t f\u00fcr die Fachkr\u00e4fte von heute und morgen \u00dcber das Projekt eSMILE Ausgangssituation und Problemstellung Trotz der positiven Entwicklung der E-Mobilit\u00e4t in den letzten Jahren \u2013 vor allem hinsichtlich Reichweite und Verf\u00fcgbarkeit &#8211; ist die Skepsis in der Bev\u00f6lkerung nach wie vor hoch und viele, mittlerweile stark [&hellip;]<\/p>\n","protected":false},"author":4,"featured_media":2175,"parent":0,"menu_order":10,"comment_status":"closed","ping_status":"closed","template":"elementor_header_footer","meta":{"site-sidebar-layout":"no-sidebar","site-content-layout":"","ast-site-content-layout":"full-width-container","site-content-style":"default","site-sidebar-style":"default","ast-global-header-display":"","ast-banner-title-visibility":"","ast-main-header-display":"","ast-hfb-above-header-display":"","ast-hfb-below-header-display":"","ast-hfb-mobile-header-display":"","site-post-title":"disabled","ast-breadcrumbs-content":"","ast-featured-img":"disabled","footer-sml-layout":"","ast-disable-related-posts":"","theme-transparent-header-meta":"","adv-header-id-meta":"","stick-header-meta":"","header-above-stick-meta":"","header-main-stick-meta":"","header-below-stick-meta":"","astra-migrate-meta-layouts":"default","ast-page-background-enabled":"default","ast-page-background-meta":{"desktop":{"background-color":"var(--ast-global-color-4)","background-image":"","background-repeat":"repeat","background-position":"center center","background-size":"auto","background-attachment":"scroll","background-type":"","background-media":"","overlay-type":"","overlay-color":"","overlay-opacity":"","overlay-gradient":""},"tablet":{"background-color":"","background-image":"","background-repeat":"repeat","background-position":"center center","background-size":"auto","background-attachment":"scroll","background-type":"","background-media":"","overlay-type":"","overlay-color":"","overlay-opacity":"","overlay-gradient":""},"mobile":{"background-color":"","background-image":"","background-repeat":"repeat","background-position":"center center","background-size":"auto","background-attachment":"scroll","background-type":"","background-media":"","overlay-type":"","overlay-color":"","overlay-opacity":"","overlay-gradient":""}},"ast-content-background-meta":{"desktop":{"background-color":"var(--ast-global-color-5)","background-image":"","background-repeat":"repeat","background-position":"center center","background-size":"auto","background-attachment":"scroll","background-type":"","background-media":"","overlay-type":"","overlay-color":"","overlay-opacity":"","overlay-gradient":""},"tablet":{"background-color":"var(--ast-global-color-5)","background-image":"","background-repeat":"repeat","background-position":"center center","background-size":"auto","background-attachment":"scroll","background-type":"","background-media":"","overlay-type":"","overlay-color":"","overlay-opacity":"","overlay-gradient":""},"mobile":{"background-color":"var(--ast-global-color-5)","background-image":"","background-repeat":"repeat","background-position":"center center","background-size":"auto","background-attachment":"scroll","background-type":"","background-media":"","overlay-type":"","overlay-color":"","overlay-opacity":"","overlay-gradient":""}},"footnotes":""},"class_list":["post-2168","page","type-page","status-publish","has-post-thumbnail","hentry"],"_links":{"self":[{"href":"https:\/\/powerhub.at\/index.php\/wp-json\/wp\/v2\/pages\/2168","targetHints":{"allow":["GET"]}}],"collection":[{"href":"https:\/\/powerhub.at\/index.php\/wp-json\/wp\/v2\/pages"}],"about":[{"href":"https:\/\/powerhub.at\/index.php\/wp-json\/wp\/v2\/types\/page"}],"author":[{"embeddable":true,"href":"https:\/\/powerhub.at\/index.php\/wp-json\/wp\/v2\/users\/4"}],"replies":[{"embeddable":true,"href":"https:\/\/powerhub.at\/index.php\/wp-json\/wp\/v2\/comments?post=2168"}],"version-history":[{"count":11,"href":"https:\/\/powerhub.at\/index.php\/wp-json\/wp\/v2\/pages\/2168\/revisions"}],"predecessor-version":[{"id":2344,"href":"https:\/\/powerhub.at\/index.php\/wp-json\/wp\/v2\/pages\/2168\/revisions\/2344"}],"wp:featuredmedia":[{"embeddable":true,"href":"https:\/\/powerhub.at\/index.php\/wp-json\/wp\/v2\/media\/2175"}],"wp:attachment":[{"href":"https:\/\/powerhub.at\/index.php\/wp-json\/wp\/v2\/media?parent=2168"}],"curies":[{"name":"wp","href":"https:\/\/api.w.org\/{rel}","templated":true}]}}