{"id":1446,"date":"2024-10-31T11:41:12","date_gmt":"2024-10-31T10:41:12","guid":{"rendered":"https:\/\/powerhub.at\/?page_id=1446"},"modified":"2024-10-31T12:04:57","modified_gmt":"2024-10-31T11:04:57","slug":"clean-bev-sharing","status":"publish","type":"page","link":"https:\/\/powerhub.at\/index.php\/clean-bev-sharing\/","title":{"rendered":"cleanBEVsharing"},"content":{"rendered":"\t\t<div data-elementor-type=\"wp-page\" data-elementor-id=\"1446\" class=\"elementor elementor-1446\" data-elementor-post-type=\"page\">\n\t\t\t\t<div class=\"elementor-element elementor-element-9b497ff e-con-full e-flex e-con e-parent\" data-id=\"9b497ff\" data-element_type=\"container\" data-settings=\"{&quot;background_background&quot;:&quot;classic&quot;}\">\n\t\t<div class=\"elementor-element elementor-element-c8ac698 e-flex e-con-boxed e-con e-child\" data-id=\"c8ac698\" data-element_type=\"container\" data-settings=\"{&quot;background_background&quot;:&quot;classic&quot;}\">\n\t\t\t\t\t<div class=\"e-con-inner\">\n\t\t\t\t<div class=\"elementor-element elementor-element-914f853 elementor-widget elementor-widget-heading\" data-id=\"914f853\" data-element_type=\"widget\" data-widget_type=\"heading.default\">\n\t\t\t\t<div class=\"elementor-widget-container\">\n\t\t\t\t\t<h4 class=\"elementor-heading-title elementor-size-default\">Forschungsprojekt<\/h4>\t\t\t\t<\/div>\n\t\t\t\t<\/div>\n\t\t\t\t<div class=\"elementor-element elementor-element-87ac7bb elementor-widget elementor-widget-heading\" data-id=\"87ac7bb\" data-element_type=\"widget\" data-widget_type=\"heading.default\">\n\t\t\t\t<div class=\"elementor-widget-container\">\n\t\t\t\t\t<h1 class=\"elementor-heading-title elementor-size-default\">cleanBEVsharing<\/h1>\t\t\t\t<\/div>\n\t\t\t\t<\/div>\n\t\t<div class=\"elementor-element elementor-element-fa4c1d5 e-con-full e-flex e-con e-child\" data-id=\"fa4c1d5\" data-element_type=\"container\">\n\t\t\t\t<div class=\"elementor-element elementor-element-fcf967d elementor-widget elementor-widget-text-editor\" data-id=\"fcf967d\" data-element_type=\"widget\" data-widget_type=\"text-editor.default\">\n\t\t\t\t<div class=\"elementor-widget-container\">\n\t\t\t\t\t\t\t\t\tIntegration von batterieelektrischen Carsharing-Plattformen mit sauberem Laden und erneuerbaren Energiequellen\t\t\t\t\t\t\t\t<\/div>\n\t\t\t\t<\/div>\n\t\t\t\t<div class=\"elementor-element elementor-element-c71e64c elementor-widget elementor-widget-image\" data-id=\"c71e64c\" data-element_type=\"widget\" data-widget_type=\"image.default\">\n\t\t\t\t<div class=\"elementor-widget-container\">\n\t\t\t\t\t\t\t\t\t\t\t\t\t\t\t<img fetchpriority=\"high\" decoding=\"async\" width=\"1024\" height=\"384\" src=\"https:\/\/powerhub.at\/wp-content\/uploads\/2024\/10\/cleanBEV-logo-1024x384.png\" class=\"attachment-large size-large wp-image-1457\" alt=\"\" srcset=\"https:\/\/powerhub.at\/wp-content\/uploads\/2024\/10\/cleanBEV-logo-1024x384.png 1024w, https:\/\/powerhub.at\/wp-content\/uploads\/2024\/10\/cleanBEV-logo-300x113.png 300w, https:\/\/powerhub.at\/wp-content\/uploads\/2024\/10\/cleanBEV-logo-768x288.png 768w, https:\/\/powerhub.at\/wp-content\/uploads\/2024\/10\/cleanBEV-logo.png 1500w\" sizes=\"(max-width: 1024px) 100vw, 1024px\" \/>\t\t\t\t\t\t\t\t\t\t\t\t\t\t\t<\/div>\n\t\t\t\t<\/div>\n\t\t\t\t<\/div>\n\t\t\t\t\t<\/div>\n\t\t\t\t<\/div>\n\t\t<div class=\"elementor-element elementor-element-c99c82f e-flex e-con-boxed e-con e-child\" data-id=\"c99c82f\" data-element_type=\"container\" data-settings=\"{&quot;background_background&quot;:&quot;classic&quot;}\">\n\t\t\t\t\t<div class=\"e-con-inner\">\n\t\t\t\t\t<\/div>\n\t\t\t\t<\/div>\n\t\t\t\t<\/div>\n\t\t<div class=\"elementor-element elementor-element-c2c239a elementor-hidden-desktop elementor-hidden-tablet elementor-hidden-mobile e-flex e-con-boxed e-con e-parent\" data-id=\"c2c239a\" data-element_type=\"container\" data-settings=\"{&quot;background_background&quot;:&quot;classic&quot;}\">\n\t\t\t\t\t<div class=\"e-con-inner\">\n\t\t<div class=\"elementor-element elementor-element-8decfaa e-con-full e-flex e-con e-child\" data-id=\"8decfaa\" data-element_type=\"container\" data-settings=\"{&quot;background_background&quot;:&quot;classic&quot;}\">\n\t\t\t\t<div class=\"elementor-element elementor-element-4a4ada3 elementor-widget elementor-widget-heading\" data-id=\"4a4ada3\" data-element_type=\"widget\" data-widget_type=\"heading.default\">\n\t\t\t\t<div class=\"elementor-widget-container\">\n\t\t\t\t\t<h2 class=\"elementor-heading-title elementor-size-default\">Wirtschaft 4.0 \u2013 Neue<br>  Perspektiven der Mobilit\u00e4t<\/h2>\t\t\t\t<\/div>\n\t\t\t\t<\/div>\n\t\t\t\t<div class=\"elementor-element elementor-element-d3ae45e elementor-widget elementor-widget-heading\" data-id=\"d3ae45e\" data-element_type=\"widget\" data-widget_type=\"heading.default\">\n\t\t\t\t<div class=\"elementor-widget-container\">\n\t\t\t\t\t<h3 class=\"elementor-heading-title elementor-size-default\">Workshop<\/h3>\t\t\t\t<\/div>\n\t\t\t\t<\/div>\n\t\t\t\t<div class=\"elementor-element elementor-element-4ead109 elementor-align-center elementor-widget__width-initial elementor-widget elementor-widget-button\" data-id=\"4ead109\" data-element_type=\"widget\" data-widget_type=\"button.default\">\n\t\t\t\t<div class=\"elementor-widget-container\">\n\t\t\t\t\t\t\t\t\t<div class=\"elementor-button-wrapper\">\n\t\t\t\t\t<a class=\"elementor-button elementor-size-sm\" role=\"button\">\n\t\t\t\t\t\t<span class=\"elementor-button-content-wrapper\">\n\t\t\t\t\t\t\t\t\t<span class=\"elementor-button-text\">Jetzt Anmelden<\/span>\n\t\t\t\t\t<\/span>\n\t\t\t\t\t<\/a>\n\t\t\t\t<\/div>\n\t\t\t\t\t\t\t\t<\/div>\n\t\t\t\t<\/div>\n\t\t\t\t<\/div>\n\t\t\t\t\t<\/div>\n\t\t\t\t<\/div>\n\t\t<div class=\"elementor-element elementor-element-fde6eb6 e-flex e-con-boxed e-con e-parent\" data-id=\"fde6eb6\" data-element_type=\"container\">\n\t\t\t\t\t<div class=\"e-con-inner\">\n\t\t\t\t<div class=\"elementor-element elementor-element-45568f9 elementor-widget elementor-widget-heading\" data-id=\"45568f9\" data-element_type=\"widget\" data-widget_type=\"heading.default\">\n\t\t\t\t<div class=\"elementor-widget-container\">\n\t\t\t\t\t<h2 class=\"elementor-heading-title elementor-size-default\">\u00dcber das Projekt cleanBEVsharing<\/h2>\t\t\t\t<\/div>\n\t\t\t\t<\/div>\n\t\t\t\t<div class=\"elementor-element elementor-element-1204d75 elementor-widget elementor-widget-heading\" data-id=\"1204d75\" data-element_type=\"widget\" data-widget_type=\"heading.default\">\n\t\t\t\t<div class=\"elementor-widget-container\">\n\t\t\t\t\t<h3 class=\"elementor-heading-title elementor-size-default\">Ausgangssituation<\/h3>\t\t\t\t<\/div>\n\t\t\t\t<\/div>\n\t\t\t\t<div class=\"elementor-element elementor-element-7c53c45 elementor-widget elementor-widget-text-editor\" data-id=\"7c53c45\" data-element_type=\"widget\" data-widget_type=\"text-editor.default\">\n\t\t\t\t<div class=\"elementor-widget-container\">\n\t\t\t\t\t\t\t\t\tUm die von der Europ\u00e4ischen Kommission im &#8222;European Green Deal&#8220; definierten Klimaziele zu erreichen, ist sowohl eine Energiewende hin zu erneuerbaren Energiequellen als auch eine Mobilit\u00e4tswende hin zu batterieelektrischen Fahrzeugen (BEV) und fortschrittlichen Mobilit\u00e4tskonzepten, die alternative L\u00f6sungen zum Individualverkehr bieten, erforderlich. Carsharing-Organisationen haben das Potenzial dies zu bef\u00f6rdern. Es bedarf jedoch entsprechender Infrastruktur f\u00fcr bidirektionales Laden und (angepasster\/neuer) Gesch\u00e4ftsmodelle.\t\t\t\t\t\t\t\t<\/div>\n\t\t\t\t<\/div>\n\t\t\t\t<div class=\"elementor-element elementor-element-a3d6099 elementor-widget elementor-widget-heading\" data-id=\"a3d6099\" data-element_type=\"widget\" data-widget_type=\"heading.default\">\n\t\t\t\t<div class=\"elementor-widget-container\">\n\t\t\t\t\t<h3 class=\"elementor-heading-title elementor-size-default\">Ziele und Innovationsgehalt<\/h3>\t\t\t\t<\/div>\n\t\t\t\t<\/div>\n\t\t\t\t<div class=\"elementor-element elementor-element-f96d304 elementor-widget elementor-widget-text-editor\" data-id=\"f96d304\" data-element_type=\"widget\" data-widget_type=\"text-editor.default\">\n\t\t\t\t<div class=\"elementor-widget-container\">\n\t\t\t\t\t\t\t\t\t<p>Das Projekt cleanBEVsharing (Integration von batterieelektrischen Carsharing-Plattformen mit sauberem Laden und erneuerbaren Energiequellen) bietet einerseits Carsharing-Organisationen die M\u00f6glichkeit, am Energiemarkt zu partizipieren und damit rascher von fossil betriebenen auf batterieelektrische Fahrzeuge (BEV) umzusteigen. Zus\u00e4tzlich erm\u00f6glichen die L\u00f6sungen Gemeinden und Einwohnern, das Potenzial von erschwinglichem und nachhaltigem BEV-(Car)Sharing besser zu nutzen.<\/p><p>Unser Kernziel des Projekts ist die Entwicklung und Umsetzung eines flexiblen Carsharing-Modells mit variablen Mietpreisen und Speicherkapazit\u00e4tsvermarktung.Dies soll die Vision erm\u00f6glichen, dass gemeinsam genutzte BEVs ausschlie\u00dflich mit sauberer erneuerbarer Energie geladen werden, Ent-\/Ladeflexibilit\u00e4t f\u00fcr die Netzstabilisierung gehandelt wird, und gleichzeitig die Fahrzeuge den notwendigen Ladezustand (SoC) bereitstellen, damit die Mobilit\u00e4tsbed\u00fcrfnisse der Kunden erf\u00fcllt werden.<\/p><p>Die im Projekt entwickelte Plattforml\u00f6sung wird eine integrierte Systeml\u00f6sung bieten, die Fahrzeuge, Ladeinfrastruktur und Energienetz miteinander verbindet und deren unterschiedlichen Anforderungen gerecht wird. Die Kombination von Ladeinfrastruktur und Informationen aus den Buchungsplattformen erm\u00f6glicht eine sektor\u00fcbergreifende Integration mit dem Energiemarkt und lokalen erneuerbaren Energiequellen.<\/p><p>Die Einbeziehung von geparkten Fahrzeugen in das Energienetz\/den Energiemarkt (Vehicle2Grid &#8211; V2G) in die Gesch\u00e4ftsmodelle von Carsharing-Unternehmen erh\u00f6ht die Wirtschaftlichkeit von BEV-Sharing besonders in l\u00e4ndlichen Gebieten und bietet leistbare Mobilit\u00e4t auf Abruf. Der wirtschaftliche Nutzen aus der Verwertung geparkter BEVs auf dem Energiemarkt wird \u00fcber die alternativen Mobilit\u00e4tsangebote, die durch das dadurch kommerziell interessante BEV-Sharing im l\u00e4ndlichen Raum erm\u00f6glicht werden, einen sozialen Nutzen bewirken.<\/p>\t\t\t\t\t\t\t\t<\/div>\n\t\t\t\t<\/div>\n\t\t\t\t<div class=\"elementor-element elementor-element-47a7603 elementor-widget elementor-widget-heading\" data-id=\"47a7603\" data-element_type=\"widget\" data-widget_type=\"heading.default\">\n\t\t\t\t<div class=\"elementor-widget-container\">\n\t\t\t\t\t<h3 class=\"elementor-heading-title elementor-size-default\">Angestrebte Ergebnisse und Erkenntnisse<\/h3>\t\t\t\t<\/div>\n\t\t\t\t<\/div>\n\t\t\t\t<div class=\"elementor-element elementor-element-2effc52 elementor-widget elementor-widget-text-editor\" data-id=\"2effc52\" data-element_type=\"widget\" data-widget_type=\"text-editor.default\">\n\t\t\t\t<div class=\"elementor-widget-container\">\n\t\t\t\t\t\t\t\t\t<p>Das Projekt verfolgte die folgenden Innovationen, die auch an verschiedenen Teststandorten demonstriert werden:<\/p><ol><li>Integration eines proaktiven Energiemanagements unter Ber\u00fccksichtigung der zu erwartenden BEV-Nutzungsinformationen<\/li><li>Koordinierte Einspeisung von Energie in das Netz<\/li><li>Dynamische Preisgestaltung f\u00fcr Carsharing-Kunden und gesteigerte Flexibilit\u00e4tsnutzung<\/li><\/ol>\t\t\t\t\t\t\t\t<\/div>\n\t\t\t\t<\/div>\n\t\t\t\t<div class=\"elementor-element elementor-element-829d6e6 elementor-widget elementor-widget-image\" data-id=\"829d6e6\" data-element_type=\"widget\" data-widget_type=\"image.default\">\n\t\t\t\t<div class=\"elementor-widget-container\">\n\t\t\t\t\t\t\t\t\t\t\t\t\t\t\t<img decoding=\"async\" width=\"534\" height=\"1024\" src=\"https:\/\/powerhub.at\/wp-content\/uploads\/2024\/10\/cleanBEVpath-534x1024.png\" class=\"attachment-large size-large wp-image-1456\" alt=\"\" srcset=\"https:\/\/powerhub.at\/wp-content\/uploads\/2024\/10\/cleanBEVpath-534x1024.png 534w, https:\/\/powerhub.at\/wp-content\/uploads\/2024\/10\/cleanBEVpath-157x300.png 157w, https:\/\/powerhub.at\/wp-content\/uploads\/2024\/10\/cleanBEVpath-768x1472.png 768w, https:\/\/powerhub.at\/wp-content\/uploads\/2024\/10\/cleanBEVpath-802x1536.png 802w, https:\/\/powerhub.at\/wp-content\/uploads\/2024\/10\/cleanBEVpath.png 860w\" sizes=\"(max-width: 534px) 100vw, 534px\" \/>\t\t\t\t\t\t\t\t\t\t\t\t\t\t\t<\/div>\n\t\t\t\t<\/div>\n\t\t\t\t<div class=\"elementor-element elementor-element-1faee77 elementor-widget elementor-widget-text-editor\" data-id=\"1faee77\" data-element_type=\"widget\" data-widget_type=\"text-editor.default\">\n\t\t\t\t<div class=\"elementor-widget-container\">\n\t\t\t\t\t\t\t\t\t<p><span style=\"font-style: inherit;font-weight: inherit;background-color: var(--ast-global-color-5);color: var( --e-global-color-text )\">Die Ergebnisse des Projekts sind V2G-Mechanismen, Anreizsysteme und eine Plattforml\u00f6sung, um die Mobilit\u00e4tsnachfrage der Nutzer und das Flexibilit\u00e4tspotenzial des BEV-Ladens f\u00fcr erg\u00e4nzende Stromnetzdienste aufeinander abzustimmen. Es wird zu erschwinglicher Mobilit\u00e4t (durch reduzierte Fahrpreise f\u00fcr die Nutzer), wirtschaftlichem Erfolg (durch zus\u00e4tzliche Einnahmen f\u00fcr die Betreiber), Umweltschutz (durch reduzierte CO2-Emissionen und eingesparte Ressourcen) und sozialen Vorteilen f\u00fcr l\u00e4ndliche Gebiete (durch zus\u00e4tzliche Mobilit\u00e4tsangebote und Inklusion von gr\u00f6\u00dferen Bev\u00f6lkerungsteilen) beitragen.<\/span><\/p>\t\t\t\t\t\t\t\t<\/div>\n\t\t\t\t<\/div>\n\t\t\t\t<div class=\"elementor-element elementor-element-072d38d elementor-widget elementor-widget-heading\" data-id=\"072d38d\" data-element_type=\"widget\" data-widget_type=\"heading.default\">\n\t\t\t\t<div class=\"elementor-widget-container\">\n\t\t\t\t\t<h3 class=\"elementor-heading-title elementor-size-default\">Kontakt:<\/h3>\t\t\t\t<\/div>\n\t\t\t\t<\/div>\n\t\t\t\t<div class=\"elementor-element elementor-element-08f2284 elementor-widget elementor-widget-text-editor\" data-id=\"08f2284\" data-element_type=\"widget\" data-widget_type=\"text-editor.default\">\n\t\t\t\t<div class=\"elementor-widget-container\">\n\t\t\t\t\t\t\t\t\t<p><strong>Kurt Leonhartsberger<\/strong><br \/>0676 970 1986, <a href=\"mailto:kurtleonhartsberger@gmail.com\">kurtleonhartsberger@gmail.com<\/a><\/p>\t\t\t\t\t\t\t\t<\/div>\n\t\t\t\t<\/div>\n\t\t\t\t\t<\/div>\n\t\t\t\t<\/div>\n\t\t<div class=\"elementor-element elementor-element-cb9a85a e-flex e-con-boxed e-con e-parent\" data-id=\"cb9a85a\" data-element_type=\"container\">\n\t\t\t\t\t<div class=\"e-con-inner\">\n\t\t\t\t<div class=\"elementor-element elementor-element-6ba6697 elementor-hidden-mobile elementor-widget elementor-widget-image\" data-id=\"6ba6697\" data-element_type=\"widget\" data-widget_type=\"image.default\">\n\t\t\t\t<div class=\"elementor-widget-container\">\n\t\t\t\t\t\t\t\t\t\t\t\t\t\t\t<img decoding=\"async\" width=\"1024\" height=\"68\" src=\"https:\/\/powerhub.at\/wp-content\/uploads\/2024\/10\/acknowledgement-2-1024x68.png\" class=\"attachment-large size-large wp-image-1455\" alt=\"\" srcset=\"https:\/\/powerhub.at\/wp-content\/uploads\/2024\/10\/acknowledgement-2-1024x68.png 1024w, https:\/\/powerhub.at\/wp-content\/uploads\/2024\/10\/acknowledgement-2-300x20.png 300w, https:\/\/powerhub.at\/wp-content\/uploads\/2024\/10\/acknowledgement-2-768x51.png 768w, https:\/\/powerhub.at\/wp-content\/uploads\/2024\/10\/acknowledgement-2-1536x103.png 1536w, https:\/\/powerhub.at\/wp-content\/uploads\/2024\/10\/acknowledgement-2-2048x137.png 2048w\" sizes=\"(max-width: 1024px) 100vw, 1024px\" \/>\t\t\t\t\t\t\t\t\t\t\t\t\t\t\t<\/div>\n\t\t\t\t<\/div>\n\t\t\t\t<div class=\"elementor-element elementor-element-eda3932 elementor-hidden-desktop elementor-hidden-tablet elementor-widget elementor-widget-image\" data-id=\"eda3932\" data-element_type=\"widget\" data-widget_type=\"image.default\">\n\t\t\t\t<div class=\"elementor-widget-container\">\n\t\t\t\t\t\t\t\t\t\t\t\t\t\t\t<img loading=\"lazy\" decoding=\"async\" width=\"500\" height=\"893\" src=\"https:\/\/powerhub.at\/wp-content\/uploads\/2024\/10\/acknowledgement-mobile.jpg\" class=\"attachment-full size-full wp-image-1458\" alt=\"\" srcset=\"https:\/\/powerhub.at\/wp-content\/uploads\/2024\/10\/acknowledgement-mobile.jpg 500w, https:\/\/powerhub.at\/wp-content\/uploads\/2024\/10\/acknowledgement-mobile-168x300.jpg 168w\" sizes=\"(max-width: 500px) 100vw, 500px\" \/>\t\t\t\t\t\t\t\t\t\t\t\t\t\t\t<\/div>\n\t\t\t\t<\/div>\n\t\t\t\t\t<\/div>\n\t\t\t\t<\/div>\n\t\t\t\t<\/div>\n\t\t","protected":false},"excerpt":{"rendered":"<p>Forschungsprojekt cleanBEVsharing Integration von batterieelektrischen Carsharing-Plattformen mit sauberem Laden und erneuerbaren Energiequellen Wirtschaft 4.0 \u2013 Neue Perspektiven der Mobilit\u00e4t Workshop Jetzt Anmelden \u00dcber das Projekt cleanBEVsharing Ausgangssituation Um die von der Europ\u00e4ischen Kommission im &#8222;European Green Deal&#8220; definierten Klimaziele zu erreichen, ist sowohl eine Energiewende hin zu erneuerbaren Energiequellen als auch eine Mobilit\u00e4tswende hin zu [&hellip;]<\/p>\n","protected":false},"author":1,"featured_media":1448,"parent":0,"menu_order":11,"comment_status":"closed","ping_status":"closed","template":"elementor_header_footer","meta":{"site-sidebar-layout":"no-sidebar","site-content-layout":"","ast-site-content-layout":"full-width-container","site-content-style":"default","site-sidebar-style":"default","ast-global-header-display":"","ast-banner-title-visibility":"","ast-main-header-display":"","ast-hfb-above-header-display":"","ast-hfb-below-header-display":"","ast-hfb-mobile-header-display":"","site-post-title":"disabled","ast-breadcrumbs-content":"","ast-featured-img":"disabled","footer-sml-layout":"","ast-disable-related-posts":"","theme-transparent-header-meta":"","adv-header-id-meta":"","stick-header-meta":"","header-above-stick-meta":"","header-main-stick-meta":"","header-below-stick-meta":"","astra-migrate-meta-layouts":"default","ast-page-background-enabled":"default","ast-page-background-meta":{"desktop":{"background-color":"var(--ast-global-color-4)","background-image":"","background-repeat":"repeat","background-position":"center center","background-size":"auto","background-attachment":"scroll","background-type":"","background-media":"","overlay-type":"","overlay-color":"","overlay-opacity":"","overlay-gradient":""},"tablet":{"background-color":"","background-image":"","background-repeat":"repeat","background-position":"center center","background-size":"auto","background-attachment":"scroll","background-type":"","background-media":"","overlay-type":"","overlay-color":"","overlay-opacity":"","overlay-gradient":""},"mobile":{"background-color":"","background-image":"","background-repeat":"repeat","background-position":"center center","background-size":"auto","background-attachment":"scroll","background-type":"","background-media":"","overlay-type":"","overlay-color":"","overlay-opacity":"","overlay-gradient":""}},"ast-content-background-meta":{"desktop":{"background-color":"var(--ast-global-color-5)","background-image":"","background-repeat":"repeat","background-position":"center center","background-size":"auto","background-attachment":"scroll","background-type":"","background-media":"","overlay-type":"","overlay-color":"","overlay-opacity":"","overlay-gradient":""},"tablet":{"background-color":"var(--ast-global-color-5)","background-image":"","background-repeat":"repeat","background-position":"center center","background-size":"auto","background-attachment":"scroll","background-type":"","background-media":"","overlay-type":"","overlay-color":"","overlay-opacity":"","overlay-gradient":""},"mobile":{"background-color":"var(--ast-global-color-5)","background-image":"","background-repeat":"repeat","background-position":"center center","background-size":"auto","background-attachment":"scroll","background-type":"","background-media":"","overlay-type":"","overlay-color":"","overlay-opacity":"","overlay-gradient":""}},"footnotes":""},"class_list":["post-1446","page","type-page","status-publish","has-post-thumbnail","hentry"],"_links":{"self":[{"href":"https:\/\/powerhub.at\/index.php\/wp-json\/wp\/v2\/pages\/1446","targetHints":{"allow":["GET"]}}],"collection":[{"href":"https:\/\/powerhub.at\/index.php\/wp-json\/wp\/v2\/pages"}],"about":[{"href":"https:\/\/powerhub.at\/index.php\/wp-json\/wp\/v2\/types\/page"}],"author":[{"embeddable":true,"href":"https:\/\/powerhub.at\/index.php\/wp-json\/wp\/v2\/users\/1"}],"replies":[{"embeddable":true,"href":"https:\/\/powerhub.at\/index.php\/wp-json\/wp\/v2\/comments?post=1446"}],"version-history":[{"count":16,"href":"https:\/\/powerhub.at\/index.php\/wp-json\/wp\/v2\/pages\/1446\/revisions"}],"predecessor-version":[{"id":1470,"href":"https:\/\/powerhub.at\/index.php\/wp-json\/wp\/v2\/pages\/1446\/revisions\/1470"}],"wp:featuredmedia":[{"embeddable":true,"href":"https:\/\/powerhub.at\/index.php\/wp-json\/wp\/v2\/media\/1448"}],"wp:attachment":[{"href":"https:\/\/powerhub.at\/index.php\/wp-json\/wp\/v2\/media?parent=1446"}],"curies":[{"name":"wp","href":"https:\/\/api.w.org\/{rel}","templated":true}]}}