{"id":1189,"date":"2024-06-04T16:20:02","date_gmt":"2024-06-04T15:20:02","guid":{"rendered":"https:\/\/powerhub.at\/?page_id=1189"},"modified":"2024-11-06T09:28:04","modified_gmt":"2024-11-06T08:28:04","slug":"car2flex","status":"publish","type":"page","link":"https:\/\/powerhub.at\/index.php\/car2flex\/","title":{"rendered":"Car2Flex"},"content":{"rendered":"\t\t<div data-elementor-type=\"wp-page\" data-elementor-id=\"1189\" class=\"elementor elementor-1189\" data-elementor-post-type=\"page\">\n\t\t\t\t<div class=\"elementor-element elementor-element-34797b8 e-con-full e-flex e-con e-parent\" data-id=\"34797b8\" data-element_type=\"container\" data-settings=\"{&quot;background_background&quot;:&quot;classic&quot;}\">\n\t\t<div class=\"elementor-element elementor-element-ef0b3bf e-flex e-con-boxed e-con e-child\" data-id=\"ef0b3bf\" data-element_type=\"container\" data-settings=\"{&quot;background_background&quot;:&quot;classic&quot;}\">\n\t\t\t\t\t<div class=\"e-con-inner\">\n\t\t\t\t<div class=\"elementor-element elementor-element-dbdb9c0 elementor-widget elementor-widget-heading\" data-id=\"dbdb9c0\" data-element_type=\"widget\" data-widget_type=\"heading.default\">\n\t\t\t\t<div class=\"elementor-widget-container\">\n\t\t\t\t\t<h4 class=\"elementor-heading-title elementor-size-default\">Forschungsprojekt<\/h4>\t\t\t\t<\/div>\n\t\t\t\t<\/div>\n\t\t\t\t<div class=\"elementor-element elementor-element-8b419b7 elementor-widget elementor-widget-heading\" data-id=\"8b419b7\" data-element_type=\"widget\" data-widget_type=\"heading.default\">\n\t\t\t\t<div class=\"elementor-widget-container\">\n\t\t\t\t\t<h1 class=\"elementor-heading-title elementor-size-default\">Car2Flex\u200b\u200b\u200b<\/h1>\t\t\t\t<\/div>\n\t\t\t\t<\/div>\n\t\t<div class=\"elementor-element elementor-element-c8e3cf3 e-con-full e-flex e-con e-child\" data-id=\"c8e3cf3\" data-element_type=\"container\">\n\t\t\t\t<div class=\"elementor-element elementor-element-8797e18 elementor-widget elementor-widget-text-editor\" data-id=\"8797e18\" data-element_type=\"widget\" data-widget_type=\"text-editor.default\">\n\t\t\t\t<div class=\"elementor-widget-container\">\n\t\t\t\t\t\t\t\t\tSmarte Optimierung der Elektromobilit\u00e4t von morgen\t\t\t\t\t\t\t\t<\/div>\n\t\t\t\t<\/div>\n\t\t\t\t<\/div>\n\t\t\t\t\t<\/div>\n\t\t\t\t<\/div>\n\t\t<div class=\"elementor-element elementor-element-ab8089c e-flex e-con-boxed e-con e-child\" data-id=\"ab8089c\" data-element_type=\"container\" data-settings=\"{&quot;background_background&quot;:&quot;classic&quot;}\">\n\t\t\t\t\t<div class=\"e-con-inner\">\n\t\t\t\t\t<\/div>\n\t\t\t\t<\/div>\n\t\t\t\t<\/div>\n\t\t<div class=\"elementor-element elementor-element-902ac9b e-flex e-con-boxed e-con e-parent\" data-id=\"902ac9b\" data-element_type=\"container\">\n\t\t\t\t\t<div class=\"e-con-inner\">\n\t\t\t\t<div class=\"elementor-element elementor-element-e5a59c9 elementor-widget elementor-widget-heading\" data-id=\"e5a59c9\" data-element_type=\"widget\" data-widget_type=\"heading.default\">\n\t\t\t\t<div class=\"elementor-widget-container\">\n\t\t\t\t\t<h2 class=\"elementor-heading-title elementor-size-default\">\u00dcber das Projekt Car2Flex<\/h2>\t\t\t\t<\/div>\n\t\t\t\t<\/div>\n\t\t\t\t<div class=\"elementor-element elementor-element-9e79d94 elementor-widget elementor-widget-text-editor\" data-id=\"9e79d94\" data-element_type=\"widget\" data-widget_type=\"text-editor.default\">\n\t\t\t\t<div class=\"elementor-widget-container\">\n\t\t\t\t\t\t\t\t\t<p>Der Verkehrssektor, vor allem der Stra\u00dfenverkehr, stellt eine hohe Umweltbelastung dar. Mit 23,7 Mio. Tonnen CO<sub>2<\/sub>-\u00c4quivalent und damit einem Anteil von 45,8 % war der Verkehrssektor im j\u00fcngsten Klimaschutzbericht (2019) der Umweltbundesamt GmbH der gr\u00f6\u00dfte Verursacher von Treibhausgas-Emissionen au\u00dferhalb des Emissionshandels. Die Elektromobilit\u00e4t bietet eine m\u00f6gliche L\u00f6sung, um diese Belastung zu verringern. Allerdings braucht es smarte und nachhaltige Mobilit\u00e4tskonzepte, um Elektromobilit\u00e4t in das Energiesystem von morgen zu integrieren.<\/p><p>Das Leitprojekt Car2Flex befasst sich mit drei verschiedenen Anwendergruppen bei Elektromobilit\u00e4t: den PrivatnutzerInnen, den E-Fahrzeugflotten (z.B. in Unternehmen) und dem E-Car-Sharing in Mehrparteienwohnh\u00e4usern. Im Mittelpunkt steht die Frage, wie \u2013 entsprechend der Mobilit\u00e4tsbed\u00fcrfnisse der jeweiligen Gruppen \u2013 der steigende Anteil von Elektromobilit\u00e4t am besten zu integrieren ist. Zudem sollen die Car2Flex-Konzepte neue wirtschaftliche Anreize schaffen. Etwa mit L\u00f6sungen, die den Eigenverbrauch von PV-Strom (PV = Photovoltaik) durch Zwischenspeicherung in der Batterie eines Fahrzeugs steigern. Durch diese optimierte, flexible Batterie-Nutzung kann der Anteil an erneuerbarer Energieerzeugung und -nutzung erh\u00f6ht und Kosten gespart werden.<\/p>\t\t\t\t\t\t\t\t<\/div>\n\t\t\t\t<\/div>\n\t\t\t\t<div class=\"elementor-element elementor-element-f412132 elementor-widget elementor-widget-heading\" data-id=\"f412132\" data-element_type=\"widget\" data-widget_type=\"heading.default\">\n\t\t\t\t<div class=\"elementor-widget-container\">\n\t\t\t\t\t<h3 class=\"elementor-heading-title elementor-size-default\">Optimierte Nutzung erneuerbarer Energien durch smartes Laden und Entladen von E-Autos\n\n<\/h3>\t\t\t\t<\/div>\n\t\t\t\t<\/div>\n\t\t\t\t<div class=\"elementor-element elementor-element-c247242 elementor-widget elementor-widget-text-editor\" data-id=\"c247242\" data-element_type=\"widget\" data-widget_type=\"text-editor.default\">\n\t\t\t\t<div class=\"elementor-widget-container\">\n\t\t\t\t\t\t\t\t\t<p><span style=\"font-style: inherit;font-weight: inherit;background-color: var(--ast-global-color-5);color: var( --e-global-color-text )\">Im Projekt Car2Flex kommen unter anderem bidirektionale DC-Ladepunkte (Gleichstrom) zum Einsatz, zum Beispiel zur Direktnutzung von PV-Strom, der direkt als Gleichstrom genutzt werden kann und nicht mehr in Wechselstrom umgewandelt werden muss. Durch die bidirektionale Funktion kann die Lades\u00e4ule auch Strom von der Autobatterie beziehen und nicht wie \u00fcblich nur umgekehrt. Speziell entwickelte Algorithmen f\u00fcr optimierte Ladestrategien, beispielsweise zur Reduktion von Netzspitzen und zur Integration zwischen Aggregator- und Buchungsplattformen, kommen hier zum Einsatz. Ein Partizipationsprozess mit AnwenderInnen und anderen relevanten Stakeholdern (z.B. Wohnbautr\u00e4gern, Ladestationsbetreibern, u.v.m.) begleitet die Entwicklungen. Bed\u00fcrfnisse von Privatpersonen wie Unternehmen finden Ber\u00fccksichtigung.<\/span><\/p><p>Ein besonderer Fokus im Car2Flex Leitprojekt liegt auch auf E-Car-Sharing Anbietern. Diese besitzen eine gro\u00dfe Anzahl an E-Autos und k\u00f6nnen \u00fcber das Buchungssystem (App) rund um die Uhr nachvollziehen, wo, an welcher Lades\u00e4ule und mit welchem Ladezustand sich jedes E-Auto befindet. Jedes einzelne E-Auto bietet dabei Potenzial f\u00fcr zus\u00e4tzliche Flexibilit\u00e4t, da es bei Strom\u00fcberschuss geladen und bei Strombedarf entladen werden kann. Das ist besonders f\u00fcr Aggregatoren interessant, die einzelne Flexibilit\u00e4ten zusammenfassen (aggregieren) und weitervermarkten.<\/p><p>Die generierten Informationen \u00fcber die verschiedenen Mobilit\u00e4tsverhalten helfen dabei, genauere Vorhersagen zu treffen, wie E-Autos optimal in das Netz integriert werden k\u00f6nnen. Sie liefern Informationen, wann die E-Autos geladen werden, wie viel sie durchschnittlich bewegt werden und wie viel Ladung sie anschlie\u00dfend wieder ben\u00f6tigen.<\/p>\t\t\t\t\t\t\t\t<\/div>\n\t\t\t\t<\/div>\n\t\t\t\t\t<\/div>\n\t\t\t\t<\/div>\n\t\t\t\t<\/div>\n\t\t","protected":false},"excerpt":{"rendered":"<p>Forschungsprojekt Car2Flex\u200b\u200b\u200b Smarte Optimierung der Elektromobilit\u00e4t von morgen \u00dcber das Projekt Car2Flex Der Verkehrssektor, vor allem der Stra\u00dfenverkehr, stellt eine hohe Umweltbelastung dar. Mit 23,7 Mio. Tonnen CO2-\u00c4quivalent und damit einem Anteil von 45,8 % war der Verkehrssektor im j\u00fcngsten Klimaschutzbericht (2019) der Umweltbundesamt GmbH der gr\u00f6\u00dfte Verursacher von Treibhausgas-Emissionen au\u00dferhalb des Emissionshandels. Die Elektromobilit\u00e4t [&hellip;]<\/p>\n","protected":false},"author":1,"featured_media":1191,"parent":0,"menu_order":5,"comment_status":"closed","ping_status":"closed","template":"elementor_header_footer","meta":{"site-sidebar-layout":"no-sidebar","site-content-layout":"","ast-site-content-layout":"full-width-container","site-content-style":"default","site-sidebar-style":"default","ast-global-header-display":"","ast-banner-title-visibility":"","ast-main-header-display":"","ast-hfb-above-header-display":"","ast-hfb-below-header-display":"","ast-hfb-mobile-header-display":"","site-post-title":"disabled","ast-breadcrumbs-content":"","ast-featured-img":"disabled","footer-sml-layout":"","ast-disable-related-posts":"","theme-transparent-header-meta":"","adv-header-id-meta":"","stick-header-meta":"","header-above-stick-meta":"","header-main-stick-meta":"","header-below-stick-meta":"","astra-migrate-meta-layouts":"default","ast-page-background-enabled":"default","ast-page-background-meta":{"desktop":{"background-color":"var(--ast-global-color-4)","background-image":"","background-repeat":"repeat","background-position":"center center","background-size":"auto","background-attachment":"scroll","background-type":"","background-media":"","overlay-type":"","overlay-color":"","overlay-opacity":"","overlay-gradient":""},"tablet":{"background-color":"","background-image":"","background-repeat":"repeat","background-position":"center center","background-size":"auto","background-attachment":"scroll","background-type":"","background-media":"","overlay-type":"","overlay-color":"","overlay-opacity":"","overlay-gradient":""},"mobile":{"background-color":"","background-image":"","background-repeat":"repeat","background-position":"center center","background-size":"auto","background-attachment":"scroll","background-type":"","background-media":"","overlay-type":"","overlay-color":"","overlay-opacity":"","overlay-gradient":""}},"ast-content-background-meta":{"desktop":{"background-color":"var(--ast-global-color-5)","background-image":"","background-repeat":"repeat","background-position":"center center","background-size":"auto","background-attachment":"scroll","background-type":"","background-media":"","overlay-type":"","overlay-color":"","overlay-opacity":"","overlay-gradient":""},"tablet":{"background-color":"var(--ast-global-color-5)","background-image":"","background-repeat":"repeat","background-position":"center center","background-size":"auto","background-attachment":"scroll","background-type":"","background-media":"","overlay-type":"","overlay-color":"","overlay-opacity":"","overlay-gradient":""},"mobile":{"background-color":"var(--ast-global-color-5)","background-image":"","background-repeat":"repeat","background-position":"center center","background-size":"auto","background-attachment":"scroll","background-type":"","background-media":"","overlay-type":"","overlay-color":"","overlay-opacity":"","overlay-gradient":""}},"footnotes":""},"class_list":["post-1189","page","type-page","status-publish","has-post-thumbnail","hentry"],"_links":{"self":[{"href":"https:\/\/powerhub.at\/index.php\/wp-json\/wp\/v2\/pages\/1189","targetHints":{"allow":["GET"]}}],"collection":[{"href":"https:\/\/powerhub.at\/index.php\/wp-json\/wp\/v2\/pages"}],"about":[{"href":"https:\/\/powerhub.at\/index.php\/wp-json\/wp\/v2\/types\/page"}],"author":[{"embeddable":true,"href":"https:\/\/powerhub.at\/index.php\/wp-json\/wp\/v2\/users\/1"}],"replies":[{"embeddable":true,"href":"https:\/\/powerhub.at\/index.php\/wp-json\/wp\/v2\/comments?post=1189"}],"version-history":[{"count":19,"href":"https:\/\/powerhub.at\/index.php\/wp-json\/wp\/v2\/pages\/1189\/revisions"}],"predecessor-version":[{"id":1488,"href":"https:\/\/powerhub.at\/index.php\/wp-json\/wp\/v2\/pages\/1189\/revisions\/1488"}],"wp:featuredmedia":[{"embeddable":true,"href":"https:\/\/powerhub.at\/index.php\/wp-json\/wp\/v2\/media\/1191"}],"wp:attachment":[{"href":"https:\/\/powerhub.at\/index.php\/wp-json\/wp\/v2\/media?parent=1189"}],"curies":[{"name":"wp","href":"https:\/\/api.w.org\/{rel}","templated":true}]}}