{"id":1174,"date":"2024-06-04T16:10:22","date_gmt":"2024-06-04T15:10:22","guid":{"rendered":"https:\/\/powerhub.at\/?page_id=1174"},"modified":"2025-07-04T15:27:12","modified_gmt":"2025-07-04T14:27:12","slug":"opengrid4pv","status":"publish","type":"page","link":"https:\/\/powerhub.at\/index.php\/opengrid4pv\/","title":{"rendered":"OpenGrid4PV"},"content":{"rendered":"\t\t<div data-elementor-type=\"wp-page\" data-elementor-id=\"1174\" class=\"elementor elementor-1174\" data-elementor-post-type=\"page\">\n\t\t\t\t<div class=\"elementor-element elementor-element-3e99ebd e-con-full e-flex e-con e-parent\" data-id=\"3e99ebd\" data-element_type=\"container\" data-settings=\"{&quot;background_background&quot;:&quot;classic&quot;}\">\n\t\t<div class=\"elementor-element elementor-element-1b3a47f e-flex e-con-boxed e-con e-child\" data-id=\"1b3a47f\" data-element_type=\"container\" data-settings=\"{&quot;background_background&quot;:&quot;classic&quot;}\">\n\t\t\t\t\t<div class=\"e-con-inner\">\n\t\t\t\t<div class=\"elementor-element elementor-element-21545a0 elementor-widget elementor-widget-heading\" data-id=\"21545a0\" data-element_type=\"widget\" data-widget_type=\"heading.default\">\n\t\t\t\t<div class=\"elementor-widget-container\">\n\t\t\t\t\t<h4 class=\"elementor-heading-title elementor-size-default\">Forschungsprojekt<\/h4>\t\t\t\t<\/div>\n\t\t\t\t<\/div>\n\t\t\t\t<div class=\"elementor-element elementor-element-f4b7019 elementor-widget elementor-widget-heading\" data-id=\"f4b7019\" data-element_type=\"widget\" data-widget_type=\"heading.default\">\n\t\t\t\t<div class=\"elementor-widget-container\">\n\t\t\t\t\t<h1 class=\"elementor-heading-title elementor-size-default\">OpenGrid4PV\u200b<\/h1>\t\t\t\t<\/div>\n\t\t\t\t<\/div>\n\t\t<div class=\"elementor-element elementor-element-ae3ca2f e-con-full e-flex e-con e-child\" data-id=\"ae3ca2f\" data-element_type=\"container\">\n\t\t\t\t<div class=\"elementor-element elementor-element-844f09b elementor-widget elementor-widget-text-editor\" data-id=\"844f09b\" data-element_type=\"widget\" data-widget_type=\"text-editor.default\">\n\t\t\t\t<div class=\"elementor-widget-container\">\n\t\t\t\t\t\t\t\t\tSmarte L\u00f6sungsans\u00e4tze zur Steigerung der PV-Einspeisekapazit\u00e4t in Verteilnetzen\t\t\t\t\t\t\t\t<\/div>\n\t\t\t\t<\/div>\n\t\t\t\t<\/div>\n\t\t\t\t\t<\/div>\n\t\t\t\t<\/div>\n\t\t<div class=\"elementor-element elementor-element-ccc3dfc e-flex e-con-boxed e-con e-child\" data-id=\"ccc3dfc\" data-element_type=\"container\" data-settings=\"{&quot;background_background&quot;:&quot;classic&quot;}\">\n\t\t\t\t\t<div class=\"e-con-inner\">\n\t\t\t\t\t<\/div>\n\t\t\t\t<\/div>\n\t\t\t\t<\/div>\n\t\t<div class=\"elementor-element elementor-element-eac164c e-flex e-con-boxed e-con e-parent\" data-id=\"eac164c\" data-element_type=\"container\" data-settings=\"{&quot;background_background&quot;:&quot;classic&quot;}\">\n\t\t\t\t\t<div class=\"e-con-inner\">\n\t\t\t\t<div class=\"elementor-element elementor-element-5b4cc6a elementor-grid-3 elementor-grid-tablet-2 elementor-grid-mobile-1 elementor-posts--thumbnail-top load-more-align-center elementor-widget elementor-widget-posts\" data-id=\"5b4cc6a\" data-element_type=\"widget\" data-settings=\"{&quot;pagination_type&quot;:&quot;load_more_on_click&quot;,&quot;classic_columns&quot;:&quot;3&quot;,&quot;classic_columns_tablet&quot;:&quot;2&quot;,&quot;classic_columns_mobile&quot;:&quot;1&quot;,&quot;classic_row_gap&quot;:{&quot;unit&quot;:&quot;px&quot;,&quot;size&quot;:35,&quot;sizes&quot;:[]},&quot;classic_row_gap_tablet&quot;:{&quot;unit&quot;:&quot;px&quot;,&quot;size&quot;:&quot;&quot;,&quot;sizes&quot;:[]},&quot;classic_row_gap_mobile&quot;:{&quot;unit&quot;:&quot;px&quot;,&quot;size&quot;:&quot;&quot;,&quot;sizes&quot;:[]},&quot;load_more_spinner&quot;:{&quot;value&quot;:&quot;fas fa-spinner&quot;,&quot;library&quot;:&quot;fa-solid&quot;}}\" data-widget_type=\"posts.classic\">\n\t\t\t\t<div class=\"elementor-widget-container\">\n\t\t\t\t\t\t\t<div class=\"elementor-posts-container elementor-posts elementor-posts--skin-classic elementor-grid\" role=\"list\">\n\t\t\t\t<article class=\"elementor-post elementor-grid-item post-1707 post type-post status-publish format-standard has-post-thumbnail hentry category-forschungsprojekte category-opengrid4pv-forschungsprojekte category-beitrag\" role=\"listitem\">\n\t\t\t\t<a class=\"elementor-post__thumbnail__link\" href=\"https:\/\/powerhub.at\/index.php\/2025\/02\/17\/werde-teil-der-loesung-sag-uns-deine-meinung\/\" tabindex=\"-1\" >\n\t\t\t<div class=\"elementor-post__thumbnail\"><img fetchpriority=\"high\" decoding=\"async\" width=\"1024\" height=\"768\" src=\"https:\/\/powerhub.at\/wp-content\/uploads\/2025\/02\/IMG_8485-1024x768.jpg\" class=\"attachment-large size-large wp-image-1703\" alt=\"\" srcset=\"https:\/\/powerhub.at\/wp-content\/uploads\/2025\/02\/IMG_8485-1024x768.jpg 1024w, https:\/\/powerhub.at\/wp-content\/uploads\/2025\/02\/IMG_8485-300x225.jpg 300w, https:\/\/powerhub.at\/wp-content\/uploads\/2025\/02\/IMG_8485-768x576.jpg 768w, https:\/\/powerhub.at\/wp-content\/uploads\/2025\/02\/IMG_8485-1536x1152.jpg 1536w, https:\/\/powerhub.at\/wp-content\/uploads\/2025\/02\/IMG_8485-2048x1536.jpg 2048w\" sizes=\"(max-width: 1024px) 100vw, 1024px\" \/><\/div>\n\t\t<\/a>\n\t\t\t\t<div class=\"elementor-post__text\">\n\t\t\t\t<h3 class=\"elementor-post__title\">\n\t\t\t<a href=\"https:\/\/powerhub.at\/index.php\/2025\/02\/17\/werde-teil-der-loesung-sag-uns-deine-meinung\/\" >\n\t\t\t\tWerde Teil der L\u00f6sung &#8211; Sag uns deine Meinung!\t\t\t<\/a>\n\t\t<\/h3>\n\t\t\t\t<div class=\"elementor-post__meta-data\">\n\t\t\t\t\t<span class=\"elementor-post-date\">\n\t\t\t17\/02\/2025\t\t<\/span>\n\t\t\t\t<\/div>\n\t\t\t\t<div class=\"elementor-post__excerpt\">\n\t\t\t<p>Lass uns gemeinsam die Energiewende gestalten und hilf uns mit deiner Teilnahme an der folgenden Befragung, innovative L\u00f6sungen zu alle zu entwickeln! <\/p>\n\t\t<\/div>\n\t\t\n\t\t<a class=\"elementor-post__read-more\" href=\"https:\/\/powerhub.at\/index.php\/2025\/02\/17\/werde-teil-der-loesung-sag-uns-deine-meinung\/\" aria-label=\"Mehr \u00fcber Werde Teil der L\u00f6sung &#8211; Sag uns deine Meinung!\" tabindex=\"-1\" >\n\t\t\tmehr &gt;\t\t<\/a>\n\n\t\t\t\t<\/div>\n\t\t\t\t<\/article>\n\t\t\t\t<article class=\"elementor-post elementor-grid-item post-1701 post type-post status-publish format-standard has-post-thumbnail hentry category-forschungsprojekte category-opengrid4pv-forschungsprojekte category-beitrag\" role=\"listitem\">\n\t\t\t\t<a class=\"elementor-post__thumbnail__link\" href=\"https:\/\/powerhub.at\/index.php\/2025\/02\/17\/wenn-stromnetze-an-ihre-grenzen-stossen\/\" tabindex=\"-1\" >\n\t\t\t<div class=\"elementor-post__thumbnail\"><img fetchpriority=\"high\" decoding=\"async\" width=\"1024\" height=\"768\" src=\"https:\/\/powerhub.at\/wp-content\/uploads\/2025\/02\/IMG_8485-1024x768.jpg\" class=\"attachment-large size-large wp-image-1703\" alt=\"\" srcset=\"https:\/\/powerhub.at\/wp-content\/uploads\/2025\/02\/IMG_8485-1024x768.jpg 1024w, https:\/\/powerhub.at\/wp-content\/uploads\/2025\/02\/IMG_8485-300x225.jpg 300w, https:\/\/powerhub.at\/wp-content\/uploads\/2025\/02\/IMG_8485-768x576.jpg 768w, https:\/\/powerhub.at\/wp-content\/uploads\/2025\/02\/IMG_8485-1536x1152.jpg 1536w, https:\/\/powerhub.at\/wp-content\/uploads\/2025\/02\/IMG_8485-2048x1536.jpg 2048w\" sizes=\"(max-width: 1024px) 100vw, 1024px\" \/><\/div>\n\t\t<\/a>\n\t\t\t\t<div class=\"elementor-post__text\">\n\t\t\t\t<h3 class=\"elementor-post__title\">\n\t\t\t<a href=\"https:\/\/powerhub.at\/index.php\/2025\/02\/17\/wenn-stromnetze-an-ihre-grenzen-stossen\/\" >\n\t\t\t\tWenn Stromnetze an Ihre Grenzen sto\u00dfen!\t\t\t<\/a>\n\t\t<\/h3>\n\t\t\t\t<div class=\"elementor-post__meta-data\">\n\t\t\t\t\t<span class=\"elementor-post-date\">\n\t\t\t17\/02\/2025\t\t<\/span>\n\t\t\t\t<\/div>\n\t\t\t\t<div class=\"elementor-post__excerpt\">\n\t\t\t<p>Ein spannender Beitrag \u00fcber eines unserer aktuellen Forschungsprojekte OpenGrid4PV wurde im Newsletter \u201eNeues aus den Klima- und Energiemodellregionen\u201c des Klima und Energiefonds ver\u00f6ffentlicht und zeigt, dass wir mit unseren Ideen und Projekten auf dem richtigen Weg sind!<\/p>\n\t\t<\/div>\n\t\t\n\t\t<a class=\"elementor-post__read-more\" href=\"https:\/\/powerhub.at\/index.php\/2025\/02\/17\/wenn-stromnetze-an-ihre-grenzen-stossen\/\" aria-label=\"Mehr \u00fcber Wenn Stromnetze an Ihre Grenzen sto\u00dfen!\" tabindex=\"-1\" >\n\t\t\tmehr &gt;\t\t<\/a>\n\n\t\t\t\t<\/div>\n\t\t\t\t<\/article>\n\t\t\t\t<\/div>\n\t\t\t\t\t<span class=\"e-load-more-spinner\">\n\t\t\t\t<svg aria-hidden=\"true\" class=\"e-font-icon-svg e-fas-spinner\" viewBox=\"0 0 512 512\" xmlns=\"http:\/\/www.w3.org\/2000\/svg\"><path d=\"M304 48c0 26.51-21.49 48-48 48s-48-21.49-48-48 21.49-48 48-48 48 21.49 48 48zm-48 368c-26.51 0-48 21.49-48 48s21.49 48 48 48 48-21.49 48-48-21.49-48-48-48zm208-208c-26.51 0-48 21.49-48 48s21.49 48 48 48 48-21.49 48-48-21.49-48-48-48zM96 256c0-26.51-21.49-48-48-48S0 229.49 0 256s21.49 48 48 48 48-21.49 48-48zm12.922 99.078c-26.51 0-48 21.49-48 48s21.49 48 48 48 48-21.49 48-48c0-26.509-21.491-48-48-48zm294.156 0c-26.51 0-48 21.49-48 48s21.49 48 48 48 48-21.49 48-48c0-26.509-21.49-48-48-48zM108.922 60.922c-26.51 0-48 21.49-48 48s21.49 48 48 48 48-21.49 48-48-21.491-48-48-48z\"><\/path><\/svg>\t\t\t<\/span>\n\t\t\n\t\t\t\t\t\t<\/div>\n\t\t\t\t<\/div>\n\t\t\t\t\t<\/div>\n\t\t\t\t<\/div>\n\t\t<div class=\"elementor-element elementor-element-902ac9b e-flex e-con-boxed e-con e-parent\" data-id=\"902ac9b\" data-element_type=\"container\" data-settings=\"{&quot;background_background&quot;:&quot;classic&quot;}\">\n\t\t\t\t\t<div class=\"e-con-inner\">\n\t\t\t\t<div class=\"elementor-element elementor-element-693dc02 elementor-widget elementor-widget-heading\" data-id=\"693dc02\" data-element_type=\"widget\" data-widget_type=\"heading.default\">\n\t\t\t\t<div class=\"elementor-widget-container\">\n\t\t\t\t\t<h2 class=\"elementor-heading-title elementor-size-default\">\u00dcber das Projekt OpenGrid4PV<\/h2>\t\t\t\t<\/div>\n\t\t\t\t<\/div>\n\t\t\t\t<div class=\"elementor-element elementor-element-e5cf913 elementor-widget elementor-widget-heading\" data-id=\"e5cf913\" data-element_type=\"widget\" data-widget_type=\"heading.default\">\n\t\t\t\t<div class=\"elementor-widget-container\">\n\t\t\t\t\t<h3 class=\"elementor-heading-title elementor-size-default\">Ausgangssituation, Problematik und Motivation:<\/h3>\t\t\t\t<\/div>\n\t\t\t\t<\/div>\n\t\t\t\t<div class=\"elementor-element elementor-element-9e79d94 elementor-widget elementor-widget-text-editor\" data-id=\"9e79d94\" data-element_type=\"widget\" data-widget_type=\"text-editor.default\">\n\t\t\t\t<div class=\"elementor-widget-container\">\n\t\t\t\t\t\t\t\t\t<p>Um die \u00f6sterreichischen Klimaziele bis 2030 (100% Strom aus Erneuerbaren bis 2030) zu erreichen, ist ein massiver Ausbau der PV-Leistung um 11 GWpeak erforderlich. Aber bereits jetzt ist in vielen Gemeinden aufgrund ausgelasteter Umspannwerke und \u00fcberlasteter Niederspannungsnetze keine zus\u00e4tzliche PV-Einspeisung mehr m\u00f6glich, was gro\u00dfen Unmut in der Bev\u00f6lkerung hervorruft und auch den notwendigen Ausbau der Photovoltaik zur Erreichung der Klimaschutzziele des Landes und des Bundes erschwert bzw. verhindert, die ohne kurzfristig anwendbare Alternativen zum langwierigen Netzausbau nicht erreichbar sein werden.<\/p>\t\t\t\t\t\t\t\t<\/div>\n\t\t\t\t<\/div>\n\t\t\t\t<div class=\"elementor-element elementor-element-07032f6 elementor-widget elementor-widget-heading\" data-id=\"07032f6\" data-element_type=\"widget\" data-widget_type=\"heading.default\">\n\t\t\t\t<div class=\"elementor-widget-container\">\n\t\t\t\t\t<h3 class=\"elementor-heading-title elementor-size-default\">Ziele und Innovationsgehalt:<\/h3>\t\t\t\t<\/div>\n\t\t\t\t<\/div>\n\t\t\t\t<div class=\"elementor-element elementor-element-44d7e50 elementor-widget elementor-widget-text-editor\" data-id=\"44d7e50\" data-element_type=\"widget\" data-widget_type=\"text-editor.default\">\n\t\t\t\t<div class=\"elementor-widget-container\">\n\t\t\t\t\t\t\t\t\tDas vorliegende Projektvorhaben zielt daher auf die Entwicklung anwendbarer, kosteng\u00fcnstiger, zeitnah umsetzbarer und gesellschaftlich tragf\u00e4higer L\u00f6sungsans\u00e4tze zur Erh\u00f6hung der PV-Hosting Capacity bzw. zur effizienteren Nutzung vorhandener Kapazit\u00e4ten in Nieder- und Mittelspannungsnetzen ab. Dazu werden in gemeinsamen Co-Creation-Workshops mit den betroffenen Stakeholdern (z. B. NetzbetreiberInnen, EndkundInnen, E-Control,\u2026) deren individuelle Anforderungen und Bed\u00fcrfnisse erhoben und darauf aufbauend entsprechende L\u00f6sungsans\u00e4tze und Konzepte unter Ber\u00fccksichtigung zuk\u00fcnftiger Entwicklungen (z. B. bidirektionales Laden) entwickelt. Diese L\u00f6sungsans\u00e4tze werden in der Folge mittels Simulation validiert (Funktionalit\u00e4t, Beitrag zur Zielerreichung, Effizienz, Skalierbarkeit\u2026) und unter anderem rechtlich\/regulatorisch gepr\u00fcft. Vielversprechende anwendbare L\u00f6sungsans\u00e4tze werden in der Folge in ausgew\u00e4hlten Netzabschnitten, in denen es bereits jetzt Probleme gibt, getestet und bei Bedarf angepasst um deren Machbarkeit zu demonstrieren und zur Nachahmung anzuregen. Gro\u00dfer Wert wird dabei auf eine verst\u00e4ndliche, breitenwirksame Kommunikation sowie Partizipation gelegt, mit dem Ziel die Bev\u00f6lkerung zu informieren und aktiv einzubinden, dabei zu helfen Zusammenh\u00e4nge zu verstehen sowie Verst\u00e4ndnis und Bewusstsein f\u00fcr aktuelle Herausforderungen zu schaffen um damit deren Akzeptanz und Bereitschaft zu erh\u00f6hen.\t\t\t\t\t\t\t\t<\/div>\n\t\t\t\t<\/div>\n\t\t\t\t<div class=\"elementor-element elementor-element-d37c48c elementor-widget elementor-widget-heading\" data-id=\"d37c48c\" data-element_type=\"widget\" data-widget_type=\"heading.default\">\n\t\t\t\t<div class=\"elementor-widget-container\">\n\t\t\t\t\t<h3 class=\"elementor-heading-title elementor-size-default\">Angestrebte Ergebnisse und Erkenntnisse:<\/h3>\t\t\t\t<\/div>\n\t\t\t\t<\/div>\n\t\t\t\t<div class=\"elementor-element elementor-element-1bc7830 elementor-widget elementor-widget-text-editor\" data-id=\"1bc7830\" data-element_type=\"widget\" data-widget_type=\"text-editor.default\">\n\t\t\t\t<div class=\"elementor-widget-container\">\n\t\t\t\t\t\t\t\t\t<ul><li>anwendbare, kosteng\u00fcnstige, zeitnah umsetzbare und gesellschaftlich tragf\u00e4hige L\u00f6sungsans\u00e4tze zur Erh\u00f6hung der PV-Hosting Capacity zur effizienteren Nutzung vorhandener Kapazit\u00e4ten in Nieder- und Mittelspannungsnetzen zu erwarten, die<\/li><li>technisch, gesellschaftlich, \u00f6konomisch sowie rechtlich\/regulatorisch gepr\u00fcft und deren Machbarkeit in einem realen Umfeld demonstriert wurde und die aufgrund der Mitwirkung der Bev\u00f6lkerung eine hohe Akzeptanz aufweisen.<\/li><\/ul>\t\t\t\t\t\t\t\t<\/div>\n\t\t\t\t<\/div>\n\t\t\t\t\t<\/div>\n\t\t\t\t<\/div>\n\t\t<div class=\"elementor-element elementor-element-9d92d2a e-flex e-con-boxed e-con e-parent\" data-id=\"9d92d2a\" data-element_type=\"container\">\n\t\t\t\t\t<div class=\"e-con-inner\">\n\t\t\t\t<div class=\"elementor-element elementor-element-64ce71c elementor-widget elementor-widget-image\" data-id=\"64ce71c\" data-element_type=\"widget\" data-widget_type=\"image.default\">\n\t\t\t\t<div class=\"elementor-widget-container\">\n\t\t\t\t\t\t\t\t\t\t\t\t\t\t\t<img decoding=\"async\" width=\"1024\" height=\"95\" src=\"https:\/\/powerhub.at\/wp-content\/uploads\/2025\/02\/Logos-OpenGrid4PV-1024x95.png\" class=\"attachment-large size-large wp-image-1702\" alt=\"\" srcset=\"https:\/\/powerhub.at\/wp-content\/uploads\/2025\/02\/Logos-OpenGrid4PV-1024x95.png 1024w, https:\/\/powerhub.at\/wp-content\/uploads\/2025\/02\/Logos-OpenGrid4PV-300x28.png 300w, https:\/\/powerhub.at\/wp-content\/uploads\/2025\/02\/Logos-OpenGrid4PV-768x72.png 768w, https:\/\/powerhub.at\/wp-content\/uploads\/2025\/02\/Logos-OpenGrid4PV.png 1224w\" sizes=\"(max-width: 1024px) 100vw, 1024px\" \/>\t\t\t\t\t\t\t\t\t\t\t\t\t\t\t<\/div>\n\t\t\t\t<\/div>\n\t\t\t\t\t<\/div>\n\t\t\t\t<\/div>\n\t\t\t\t<\/div>\n\t\t","protected":false},"excerpt":{"rendered":"<p>Forschungsprojekt OpenGrid4PV\u200b Smarte L\u00f6sungsans\u00e4tze zur Steigerung der PV-Einspeisekapazit\u00e4t in Verteilnetzen \u00dcber das Projekt OpenGrid4PV Ausgangssituation, Problematik und Motivation: Um die \u00f6sterreichischen Klimaziele bis 2030 (100% Strom aus Erneuerbaren bis 2030) zu erreichen, ist ein massiver Ausbau der PV-Leistung um 11 GWpeak erforderlich. Aber bereits jetzt ist in vielen Gemeinden aufgrund ausgelasteter Umspannwerke und \u00fcberlasteter Niederspannungsnetze [&hellip;]<\/p>\n","protected":false},"author":1,"featured_media":1185,"parent":0,"menu_order":7,"comment_status":"closed","ping_status":"closed","template":"elementor_header_footer","meta":{"site-sidebar-layout":"no-sidebar","site-content-layout":"","ast-site-content-layout":"full-width-container","site-content-style":"default","site-sidebar-style":"default","ast-global-header-display":"","ast-banner-title-visibility":"","ast-main-header-display":"","ast-hfb-above-header-display":"","ast-hfb-below-header-display":"","ast-hfb-mobile-header-display":"","site-post-title":"disabled","ast-breadcrumbs-content":"","ast-featured-img":"disabled","footer-sml-layout":"","ast-disable-related-posts":"","theme-transparent-header-meta":"","adv-header-id-meta":"","stick-header-meta":"","header-above-stick-meta":"","header-main-stick-meta":"","header-below-stick-meta":"","astra-migrate-meta-layouts":"default","ast-page-background-enabled":"default","ast-page-background-meta":{"desktop":{"background-color":"var(--ast-global-color-4)","background-image":"","background-repeat":"repeat","background-position":"center center","background-size":"auto","background-attachment":"scroll","background-type":"","background-media":"","overlay-type":"","overlay-color":"","overlay-opacity":"","overlay-gradient":""},"tablet":{"background-color":"","background-image":"","background-repeat":"repeat","background-position":"center center","background-size":"auto","background-attachment":"scroll","background-type":"","background-media":"","overlay-type":"","overlay-color":"","overlay-opacity":"","overlay-gradient":""},"mobile":{"background-color":"","background-image":"","background-repeat":"repeat","background-position":"center center","background-size":"auto","background-attachment":"scroll","background-type":"","background-media":"","overlay-type":"","overlay-color":"","overlay-opacity":"","overlay-gradient":""}},"ast-content-background-meta":{"desktop":{"background-color":"var(--ast-global-color-5)","background-image":"","background-repeat":"repeat","background-position":"center center","background-size":"auto","background-attachment":"scroll","background-type":"","background-media":"","overlay-type":"","overlay-color":"","overlay-opacity":"","overlay-gradient":""},"tablet":{"background-color":"var(--ast-global-color-5)","background-image":"","background-repeat":"repeat","background-position":"center center","background-size":"auto","background-attachment":"scroll","background-type":"","background-media":"","overlay-type":"","overlay-color":"","overlay-opacity":"","overlay-gradient":""},"mobile":{"background-color":"var(--ast-global-color-5)","background-image":"","background-repeat":"repeat","background-position":"center center","background-size":"auto","background-attachment":"scroll","background-type":"","background-media":"","overlay-type":"","overlay-color":"","overlay-opacity":"","overlay-gradient":""}},"footnotes":""},"class_list":["post-1174","page","type-page","status-publish","has-post-thumbnail","hentry"],"_links":{"self":[{"href":"https:\/\/powerhub.at\/index.php\/wp-json\/wp\/v2\/pages\/1174","targetHints":{"allow":["GET"]}}],"collection":[{"href":"https:\/\/powerhub.at\/index.php\/wp-json\/wp\/v2\/pages"}],"about":[{"href":"https:\/\/powerhub.at\/index.php\/wp-json\/wp\/v2\/types\/page"}],"author":[{"embeddable":true,"href":"https:\/\/powerhub.at\/index.php\/wp-json\/wp\/v2\/users\/1"}],"replies":[{"embeddable":true,"href":"https:\/\/powerhub.at\/index.php\/wp-json\/wp\/v2\/comments?post=1174"}],"version-history":[{"count":46,"href":"https:\/\/powerhub.at\/index.php\/wp-json\/wp\/v2\/pages\/1174\/revisions"}],"predecessor-version":[{"id":2089,"href":"https:\/\/powerhub.at\/index.php\/wp-json\/wp\/v2\/pages\/1174\/revisions\/2089"}],"wp:featuredmedia":[{"embeddable":true,"href":"https:\/\/powerhub.at\/index.php\/wp-json\/wp\/v2\/media\/1185"}],"wp:attachment":[{"href":"https:\/\/powerhub.at\/index.php\/wp-json\/wp\/v2\/media?parent=1174"}],"curies":[{"name":"wp","href":"https:\/\/api.w.org\/{rel}","templated":true}]}}